{"id":2961,"date":"2026-02-28T17:03:31","date_gmt":"2026-02-28T17:03:31","guid":{"rendered":"https:\/\/www.pferdezuchtverein-freudenberg.de\/?page_id=2961"},"modified":"2026-02-28T17:09:51","modified_gmt":"2026-02-28T17:09:51","slug":"brokserstutenfohlen-info-1","status":"publish","type":"page","link":"https:\/\/www.pferdezuchtverein-freudenberg.de\/index.php\/brokserstutenfohlen-info-1\/","title":{"rendered":"Arge-Suestedt-FohlenSch-Info"},"content":{"rendered":"<div class=\"\" style=\"\" >\n    \n    <section class=\"u-align-center u-clearfix u-container-align-center u-gradient u-section-2\" id=\"block-2\">\n      <div class=\"u-clearfix u-sheet u-valign-middle-lg u-valign-middle-md u-valign-middle-sm u-valign-middle-xl u-sheet-1\">\n        <div class=\"data-layout-selected u-clearfix u-expanded-width-lg u-expanded-width-md u-expanded-width-sm u-expanded-width-xs u-gutter-26 u-layout-wrap u-radius u-layout-wrap-1\">\n          <div class=\"u-gutter-0 u-layout\">\n            <div class=\"u-layout-row\">\n              <div class=\"u-align-center u-container-align-center u-container-style u-gradient u-layout-cell u-size-60 u-layout-cell-1\">\n                <div class=\"u-container-layout u-container-layout-1\">\n                  <h4 class=\"u-text u-text-1\">Fohlenschau der ARGE S\u00fcstedt<span style=\"font-weight: 700;\">\n                      <br><\/span>\n                    <br><span style=\"font-size: 1.125rem;\" class=\"u-text-custom-color-21\">Donnerstag, 30. April 2026<\/span>\n                    <br>\n                  <\/h4>\n                  <div class=\"custom-expanded u-carousel u-gallery u-gallery-slider u-layout-carousel u-lightbox u-no-transition u-show-text-on-hover u-gallery-1\" data-interval=\"5000\" data-u-ride=\"carousel\" id=\"carousel-d833\">\n                    <ol class=\"u-absolute-hcenter u-carousel-indicators u-carousel-indicators-1\">\n                      <li data-u-target=\"#carousel-d833\" data-u-slide-to=\"0\" class=\"u-active u-grey-70 u-shape-circle\" style=\"width: 10px; height: 10px;\"><\/li>\n                      <li data-u-target=\"#carousel-d833\" data-u-slide-to=\"1\" class=\"u-grey-70 u-shape-circle\" style=\"width: 10px; height: 10px;\"><\/li>\n                      <li data-u-target=\"#carousel-d833\" data-u-slide-to=\"2\" class=\"u-grey-70 u-shape-circle\" style=\"width: 10px; height: 10px;\"><\/li>\n                      <li data-u-target=\"#carousel-d833\" data-u-slide-to=\"3\" class=\"u-grey-70 u-shape-circle\" style=\"width: 10px; height: 10px;\"><\/li>\n                      <li data-u-target=\"#carousel-d833\" data-u-slide-to=\"4\" class=\"u-grey-70 u-shape-circle\" style=\"width: 10px; height: 10px;\"><\/li>\n                      <li data-u-target=\"#carousel-d833\" data-u-slide-to=\"5\" class=\"u-grey-70 u-shape-circle\" style=\"width: 10px; height: 10px;\"><\/li>\n                    <\/ol>\n                    <div class=\"u-carousel-inner u-gallery-inner\" role=\"listbox\">\n                      <div class=\"u-active u-carousel-item u-effect-fade u-gallery-item u-carousel-item-1\">\n                        <div class=\"u-back-slide\" data-image-width=\"471\" data-image-height=\"600\">\n                          <img decoding=\"async\" class=\"u-back-image u-expanded\" src=\"https:\/\/www.pferdezuchtverein-freudenberg.de\/wp-content\/uploads\/2025\/04\/witte1.jpg\">\n                        <\/div>\n                        <div class=\"u-align-center u-over-slide u-shading u-valign-bottom u-over-slide-1\"><\/div>\n                      <\/div>\n                      <div class=\"u-carousel-item u-effect-fade u-gallery-item u-carousel-item-2\" data-image-width=\"600\" data-image-height=\"540\">\n                        <div class=\"u-back-slide\">\n                          <img decoding=\"async\" class=\"u-back-image u-expanded\" src=\"https:\/\/www.pferdezuchtverein-freudenberg.de\/wp-content\/uploads\/2025\/04\/witte2.jpg\">\n                        <\/div>\n                        <div class=\"u-align-center u-over-slide u-shading u-valign-bottom u-over-slide-2\"><\/div>\n                        <style data-mode=\"XL\"><\/style>\n                        <style data-mode=\"LG\" data-visited=\"true\"><\/style>\n                        <style data-mode=\"MD\" data-visited=\"true\"><\/style>\n                        <style data-mode=\"SM\" data-visited=\"true\"><\/style>\n                        <style data-mode=\"XS\" data-visited=\"true\"><\/style>\n                      <\/div>\n                      <div class=\"u-carousel-item u-effect-fade u-gallery-item u-carousel-item-3\" data-image-width=\"504\" data-image-height=\"600\">\n                        <div class=\"u-back-slide\">\n                          <img decoding=\"async\" class=\"u-back-image u-expanded\" src=\"https:\/\/www.pferdezuchtverein-freudenberg.de\/wp-content\/uploads\/2025\/04\/siegerfohlen1.jpg\">\n                        <\/div>\n                        <div class=\"u-align-center u-over-slide u-shading u-valign-bottom u-over-slide-3\"><\/div>\n                        <style data-mode=\"XL\"><\/style>\n                        <style data-mode=\"LG\" data-visited=\"true\"><\/style>\n                        <style data-mode=\"MD\" data-visited=\"true\"><\/style>\n                        <style data-mode=\"SM\" data-visited=\"true\"><\/style>\n                        <style data-mode=\"XS\" data-visited=\"true\"><\/style>\n                      <\/div>\n                      <div class=\"u-carousel-item u-effect-fade u-gallery-item u-carousel-item-4\" data-image-width=\"499\" data-image-height=\"600\">\n                        <div class=\"u-back-slide\">\n                          <img decoding=\"async\" class=\"u-back-image u-expanded\" src=\"https:\/\/www.pferdezuchtverein-freudenberg.de\/wp-content\/uploads\/2025\/04\/reservesieger.jpg\">\n                        <\/div>\n                        <div class=\"u-align-center u-over-slide u-shading u-valign-bottom u-over-slide-4\"><\/div>\n                        <style data-mode=\"XL\"><\/style>\n                        <style data-mode=\"LG\" data-visited=\"true\"><\/style>\n                        <style data-mode=\"MD\" data-visited=\"true\"><\/style>\n                        <style data-mode=\"SM\" data-visited=\"true\"><\/style>\n                        <style data-mode=\"XS\" data-visited=\"true\"><\/style>\n                      <\/div>\n                      <div class=\"u-carousel-item u-effect-fade u-gallery-item u-carousel-item-5\" data-image-width=\"600\" data-image-height=\"595\">\n                        <div class=\"u-back-slide\">\n                          <img decoding=\"async\" class=\"u-back-image u-expanded\" src=\"https:\/\/www.pferdezuchtverein-freudenberg.de\/wp-content\/uploads\/2025\/04\/siegerfohlen.jpg\">\n                        <\/div>\n                        <div class=\"u-align-center u-over-slide u-shading u-valign-bottom u-over-slide-5\"><\/div>\n                        <style data-mode=\"XL\"><\/style>\n                        <style data-mode=\"LG\" data-visited=\"true\"><\/style>\n                        <style data-mode=\"MD\" data-visited=\"true\"><\/style>\n                        <style data-mode=\"SM\" data-visited=\"true\"><\/style>\n                        <style data-mode=\"XS\" data-visited=\"true\"><\/style>\n                      <\/div>\n                      <div class=\"u-carousel-item u-effect-fade u-gallery-item u-carousel-item-6\" data-image-width=\"504\" data-image-height=\"600\">\n                        <div class=\"u-back-slide\" data-image-width=\"600\" data-image-height=\"410\">\n                          <img decoding=\"async\" class=\"u-back-image u-expanded\" src=\"https:\/\/www.pferdezuchtverein-freudenberg.de\/wp-content\/uploads\/2025\/04\/witte3.jpg\">\n                        <\/div>\n                        <div class=\"u-align-center u-over-slide u-shading u-valign-bottom u-over-slide-6\"><\/div>\n                        <style data-mode=\"XL\"><\/style>\n                        <style data-mode=\"LG\" data-visited=\"true\"><\/style>\n                        <style data-mode=\"MD\" data-visited=\"true\"><\/style>\n                        <style data-mode=\"SM\" data-visited=\"true\"><\/style>\n                        <style data-mode=\"XS\" data-visited=\"true\"><\/style>\n                      <\/div>\n                    <\/div>\n                    <a class=\"u-absolute-vcenter u-carousel-control u-carousel-control-prev u-grey-70 u-icon-circle u-opacity u-opacity-70 u-spacing-10 u-text-white u-carousel-control-1\" href=\"#carousel-d833\" role=\"button\" data-u-slide=\"prev\"><span aria-hidden=\"true\">\n                        <svg viewBox=\"0 0 451.847 451.847\"><path d=\"M97.141,225.92c0-8.095,3.091-16.192,9.259-22.366L300.689,9.27c12.359-12.359,32.397-12.359,44.751,0\nc12.354,12.354,12.354,32.388,0,44.748L173.525,225.92l171.903,171.909c12.354,12.354,12.354,32.391,0,44.744\nc-12.354,12.365-32.386,12.365-44.745,0l-194.29-194.281C100.226,242.115,97.141,234.018,97.141,225.92z\"><\/path><\/svg><\/span><span class=\"sr-only\">\n                        <svg viewBox=\"0 0 451.847 451.847\"><path d=\"M97.141,225.92c0-8.095,3.091-16.192,9.259-22.366L300.689,9.27c12.359-12.359,32.397-12.359,44.751,0\nc12.354,12.354,12.354,32.388,0,44.748L173.525,225.92l171.903,171.909c12.354,12.354,12.354,32.391,0,44.744\nc-12.354,12.365-32.386,12.365-44.745,0l-194.29-194.281C100.226,242.115,97.141,234.018,97.141,225.92z\"><\/path><\/svg><\/span>\n                    <\/a>\n                    <a class=\"u-absolute-vcenter u-carousel-control u-carousel-control-next u-grey-70 u-icon-circle u-opacity u-opacity-70 u-spacing-10 u-text-white u-carousel-control-2\" href=\"#carousel-d833\" role=\"button\" data-u-slide=\"next\"><span aria-hidden=\"true\">\n                        <svg viewBox=\"0 0 451.846 451.847\"><path d=\"M345.441,248.292L151.154,442.573c-12.359,12.365-32.397,12.365-44.75,0c-12.354-12.354-12.354-32.391,0-44.744\nL278.318,225.92L106.409,54.017c-12.354-12.359-12.354-32.394,0-44.748c12.354-12.359,32.391-12.359,44.75,0l194.287,194.284\nc6.177,6.18,9.262,14.271,9.262,22.366C354.708,234.018,351.617,242.115,345.441,248.292z\"><\/path><\/svg><\/span><span class=\"sr-only\">\n                        <svg viewBox=\"0 0 451.846 451.847\"><path d=\"M345.441,248.292L151.154,442.573c-12.359,12.365-32.397,12.365-44.75,0c-12.354-12.354-12.354-32.391,0-44.744\nL278.318,225.92L106.409,54.017c-12.354-12.359-12.354-32.394,0-44.748c12.354-12.359,32.391-12.359,44.75,0l194.287,194.284\nc6.177,6.18,9.262,14.271,9.262,22.366C354.708,234.018,351.617,242.115,345.441,248.292z\"><\/path><\/svg><\/span>\n                    <\/a>\n                  <\/div>\n                  <p class=\"u-text u-text-2\"><span style=\"font-weight: 700; font-size: 1.125rem;\">Beginn: 17.30 Uhr<\/span>\n                    <br>\n                    <br><span style=\"font-weight: 700;\">Ochtmannien, Hof Br\u00fcning<\/span>\n                    <br>\n                    <br>\n                    <br><span style=\"font-weight: 700;\" class=\"u-text-custom-color-21\">NEUES KONZEPT<\/span>\n                    <br>\n                    <br><span style=\"font-size: 1rem;\">\n                      <br><\/span><span style=\"font-size: 1rem;\">Fohlen aus den Pferdezuchtvereinen der ARGE S\u00fcstedt:<br>Hoya, Nienburg, Sulingen, Freudenberg, Sudweyhe, Thedinghausen, Diepholz<br><\/span>\n                    <br><span style=\"font-weight: 700;\"> Pr\u00e4sentation in der Halle -&nbsp; zun\u00e4chst mit Stute an der Hand,<br>danach Beurteilung im Freilaufen von Stute und Fohlen<br>\n                      <br><\/span><span style=\"font-weight: 700;\">\n                      <br><\/span>\n                    <br><span style=\"font-size: 1rem;\">eventuell:<br>Auswahltermin zur Auktion des <\/span><span style=\"font-size: 1rem;\">LG Celle f\u00fcr Fohlen <\/span><span style=\"font-size: 1rem;\">von <\/span><span style=\"font-size: 1rem;\">Celler Landbesch\u00e4lern,<br>in Kooperation mit dem <\/span>\n                    <br><span style=\"font-size: 1rem;\">Hannoveraner Verband e. V.,<br>gleichzeitig Empfehlungstermin <\/span><span style=\"font-size: 1rem;\">f\u00fcr <\/span>\n                    <br><span style=\"font-size: 1rem;\">Verdener Auktionen<br><\/span>\n                    <br>\n                    <br>\n                  <\/p>\n                  <p class=\"u-text u-text-3\"><span style=\"font-weight: 700;\" class=\"u-text-custom-color-21\">Informationen und Anmeldungen:<\/span>\n                    <br>Melanie Weseloh<br>28844 Weyhe<br>Tel. 0171-4516 055<br>Mail: weselohweyhe@freenet.de<br>\n                  <\/p>\n                <\/div>\n              <\/div>\n            <\/div>\n          <\/div>\n        <\/div>\n      <\/div>\n    <\/section>\n    <section class=\"u-align-center u-clearfix u-container-align-center u-palette-5-light-2 u-section-3\" id=\"carousel_1277\">\n      <div class=\"u-clearfix u-sheet u-sheet-1\"><\/div>\n    <\/section>\n    <section class=\"u-clearfix u-palette-5-light-2 u-section-4\" id=\"block-3\">\n      <div class=\"u-clearfix u-sheet u-sheet-1\"><\/div>\n    <\/section>\n    \n    \n    \n  \n<\/div>","protected":false},"excerpt":{"rendered":"<p>Fohlenschau der ARGE S\u00fcstedt Donnerstag, 30. April 2026 Beginn: 17.30 Uhr Ochtmannien, Hof Br\u00fcning NEUES KONZEPT Fohlen aus den Pferdezuchtvereinen der ARGE S\u00fcstedt:Hoya, Nienburg, Sulingen, Freudenberg, Sudweyhe, Thedinghausen, Diepholz Pr\u00e4sentation in der Halle &#8211;&nbsp; zun\u00e4chst mit Stute an der Hand,danach Beurteilung im Freilaufen von Stute und Fohlen eventuell:Auswahltermin zur Auktion des LG Celle f\u00fcr Fohlen [&hellip;]<\/p>\n","protected":false},"author":2,"featured_media":0,"parent":0,"menu_order":0,"comment_status":"closed","ping_status":"closed","template":"","meta":{"footnotes":""},"class_list":["post-2961","page","type-page","status-publish","hentry"],"_links":{"self":[{"href":"https:\/\/www.pferdezuchtverein-freudenberg.de\/index.php\/wp-json\/wp\/v2\/pages\/2961","targetHints":{"allow":["GET"]}}],"collection":[{"href":"https:\/\/www.pferdezuchtverein-freudenberg.de\/index.php\/wp-json\/wp\/v2\/pages"}],"about":[{"href":"https:\/\/www.pferdezuchtverein-freudenberg.de\/index.php\/wp-json\/wp\/v2\/types\/page"}],"author":[{"embeddable":true,"href":"https:\/\/www.pferdezuchtverein-freudenberg.de\/index.php\/wp-json\/wp\/v2\/users\/2"}],"replies":[{"embeddable":true,"href":"https:\/\/www.pferdezuchtverein-freudenberg.de\/index.php\/wp-json\/wp\/v2\/comments?post=2961"}],"version-history":[{"count":9,"href":"https:\/\/www.pferdezuchtverein-freudenberg.de\/index.php\/wp-json\/wp\/v2\/pages\/2961\/revisions"}],"predecessor-version":[{"id":2972,"href":"https:\/\/www.pferdezuchtverein-freudenberg.de\/index.php\/wp-json\/wp\/v2\/pages\/2961\/revisions\/2972"}],"wp:attachment":[{"href":"https:\/\/www.pferdezuchtverein-freudenberg.de\/index.php\/wp-json\/wp\/v2\/media?parent=2961"}],"curies":[{"name":"wp","href":"https:\/\/api.w.org\/{rel}","templated":true}]}}