{"id":1974,"date":"2025-04-15T13:56:34","date_gmt":"2025-04-15T13:56:34","guid":{"rendered":"https:\/\/www.pferdezuchtverein-freudenberg.de\/wp_2025\/index.php\/freispringwettbewerb2024\/"},"modified":"2025-04-26T13:16:44","modified_gmt":"2025-04-26T13:16:44","slug":"freispringwettbewerb2024","status":"publish","type":"page","link":"https:\/\/www.pferdezuchtverein-freudenberg.de\/index.php\/freispringwettbewerb2024\/","title":{"rendered":"Freispringwettbewerb2024"},"content":{"rendered":"<div class=\"\" style=\"\" >\n    \n    <section class=\"u-align-center u-clearfix u-container-align-center u-gradient u-section-2\" id=\"block-2\">\n      <div class=\"u-clearfix u-sheet u-valign-bottom-lg u-valign-bottom-md u-valign-bottom-sm u-valign-bottom-xs u-sheet-1\">\n        <div class=\"custom-expanded data-layout-selected u-clearfix u-gutter-26 u-layout-wrap u-radius u-layout-wrap-1\">\n          <div class=\"u-gutter-0 u-layout\">\n            <div class=\"u-layout-row\">\n              <div class=\"u-align-center u-container-style u-layout-cell u-size-60 u-white u-layout-cell-1\">\n                <div class=\"u-container-layout u-valign-top-lg u-valign-top-md u-valign-top-sm u-container-layout-1\">\n                  <img decoding=\"async\" class=\"u-image u-image-default u-image-1\" src=\"https:\/\/www.pferdezuchtverein-freudenberg.de\/wp-content\/uploads\/2025\/04\/2024-frei-oben-1-2.jpg\" alt=\"\" data-image-width=\"867\" data-image-height=\"614\">\n                  <img decoding=\"async\" class=\"u-image u-image-default u-image-2\" src=\"https:\/\/www.pferdezuchtverein-freudenberg.de\/wp-content\/uploads\/2025\/04\/2024-frei-oben2-2.jpg\" alt=\"\" data-image-width=\"861\" data-image-height=\"871\">\n                  <a href=\"https:\/\/www.pferdezuchtverein-freudenberg.de\/wp-content\/uploads\/2025\/04\/FrSprWB2024ergeb3j-1.pdf\" class=\"u-border-none u-btn u-btn-round u-button-style u-file-link u-hover-palette-5-light-2 u-palette-5-light-1 u-radius u-btn-1\"> ERGEBNISSE - 1. Abteilung - 3-j\u00e4hrige<\/a>\n                  <a href=\"https:\/\/www.pferdezuchtverein-freudenberg.de\/wp-content\/uploads\/2025\/04\/FrSprWB2024ergeb14j-1.pdf\" class=\"u-border-none u-btn u-btn-round u-button-style u-file-link u-hover-palette-5-light-2 u-palette-5-light-1 u-radius u-btn-2\"> ERGEBNISSE - 1. Abteilung - 4-J\u00e4hrige<\/a>\n                  <a href=\"https:\/\/www.pferdezuchtverein-freudenberg.de\/wp-content\/uploads\/2025\/04\/FrSprWB2024ergeb24j-1.pdf\" class=\"u-border-none u-btn u-btn-round u-button-style u-file-link u-hover-palette-5-light-2 u-palette-5-light-1 u-radius u-btn-3\"> ERGEBNISSE - 2. Abteilung - 4-J\u00e4hrige<\/a>\n                  <img decoding=\"async\" class=\"u-image u-image-default u-image-3\" src=\"https:\/\/www.pferdezuchtverein-freudenberg.de\/wp-content\/uploads\/2025\/04\/2024-frei-unten-2.jpg\" alt=\"\" data-image-width=\"874\" data-image-height=\"972\">\n                <\/div>\n              <\/div>\n            <\/div>\n          <\/div>\n        <\/div>\n      <\/div>\n    <\/section>\n    <section class=\"u-align-center u-clearfix u-container-align-center u-palette-5-light-2 u-section-3\" id=\"carousel_1277\">\n      <div class=\"u-clearfix u-sheet u-sheet-1\"><\/div>\n    <\/section>\n    \n    \n    \n  \n<\/div>","protected":false},"excerpt":{"rendered":"<p>ERGEBNISSE &#8211; 1. Abteilung &#8211; 3-j\u00e4hrige ERGEBNISSE &#8211; 1. Abteilung &#8211; 4-J\u00e4hrige ERGEBNISSE &#8211; 2. Abteilung &#8211; 4-J\u00e4hrige<\/p>\n","protected":false},"author":1,"featured_media":0,"parent":0,"menu_order":24,"comment_status":"closed","ping_status":"closed","template":"","meta":{"footnotes":""},"class_list":["post-1974","page","type-page","status-publish","hentry"],"_links":{"self":[{"href":"https:\/\/www.pferdezuchtverein-freudenberg.de\/index.php\/wp-json\/wp\/v2\/pages\/1974","targetHints":{"allow":["GET"]}}],"collection":[{"href":"https:\/\/www.pferdezuchtverein-freudenberg.de\/index.php\/wp-json\/wp\/v2\/pages"}],"about":[{"href":"https:\/\/www.pferdezuchtverein-freudenberg.de\/index.php\/wp-json\/wp\/v2\/types\/page"}],"author":[{"embeddable":true,"href":"https:\/\/www.pferdezuchtverein-freudenberg.de\/index.php\/wp-json\/wp\/v2\/users\/1"}],"replies":[{"embeddable":true,"href":"https:\/\/www.pferdezuchtverein-freudenberg.de\/index.php\/wp-json\/wp\/v2\/comments?post=1974"}],"version-history":[{"count":2,"href":"https:\/\/www.pferdezuchtverein-freudenberg.de\/index.php\/wp-json\/wp\/v2\/pages\/1974\/revisions"}],"predecessor-version":[{"id":2152,"href":"https:\/\/www.pferdezuchtverein-freudenberg.de\/index.php\/wp-json\/wp\/v2\/pages\/1974\/revisions\/2152"}],"wp:attachment":[{"href":"https:\/\/www.pferdezuchtverein-freudenberg.de\/index.php\/wp-json\/wp\/v2\/media?parent=1974"}],"curies":[{"name":"wp","href":"https:\/\/api.w.org\/{rel}","templated":true}]}}