{"id":1973,"date":"2025-04-15T13:56:33","date_gmt":"2025-04-15T13:56:33","guid":{"rendered":"https:\/\/www.pferdezuchtverein-freudenberg.de\/wp_2025\/index.php\/archiv\/"},"modified":"2026-02-28T17:12:42","modified_gmt":"2026-02-28T17:12:42","slug":"archiv","status":"publish","type":"page","link":"https:\/\/www.pferdezuchtverein-freudenberg.de\/index.php\/archiv\/","title":{"rendered":"Archiv"},"content":{"rendered":"<div class=\"\" style=\"\" >\n    \n    <section class=\"u-align-center u-clearfix u-container-align-center u-container-align-center-lg u-container-align-center-md u-container-align-center-sm u-container-align-center-xl u-gradient u-section-2\" id=\"block-2\">\n      <div class=\"u-clearfix u-sheet u-valign-bottom-xs u-sheet-1\">\n        <div class=\"data-layout-selected u-clearfix u-expanded-width-sm u-expanded-width-xs u-gutter-26 u-layout-wrap u-radius u-layout-wrap-1\">\n          <div class=\"u-gutter-0 u-layout\">\n            <div class=\"u-layout-row\">\n              <div class=\"u-align-center u-container-align-center u-container-align-center-lg u-container-align-center-md u-container-align-center-sm u-container-align-center-xl u-container-style u-layout-cell u-size-30-lg u-size-30-md u-size-30-xl u-size-31-sm u-size-31-xs u-white u-layout-cell-1\">\n                <div class=\"u-container-layout u-container-layout-1\">\n                  <p class=\"u-text u-text-font u-text-1\"> &nbsp; \u200bDer Pferdezuchtverein Bassum-Freudenberg e.V. begr\u00fc\u00dft Sie auf seiner Homepage. Hier erhalten Sie alle Informationen \u00fcber den Verein, <br>unsere Z\u00fcchter, Veranstaltungen und vieles mehr!<br>\n                    <br>Kontakt: Ina Rogge-Leopold<br>Tel. 04241 - 971177<br>Mail : leopold-rogge@t-online.de<br>\n                    <br>\n                  <\/p>\n                  <img decoding=\"async\" class=\"u-image u-image-default u-image-1\" src=\"https:\/\/www.pferdezuchtverein-freudenberg.de\/wp-content\/uploads\/2025\/04\/jubi-11.jpg\" alt=\"\" data-image-width=\"600\" data-image-height=\"218\">\n                <\/div>\n              <\/div>\n              <div class=\"u-container-style u-layout-cell u-size-29-sm u-size-29-xs u-size-30-lg u-size-30-md u-size-30-xl u-white u-layout-cell-2\">\n                <div class=\"u-container-layout u-valign-top-lg u-valign-top-md u-valign-top-xl u-valign-top-xs u-container-layout-2\">\n                  <img decoding=\"async\" class=\"u-image u-image-default u-image-2\" src=\"https:\/\/www.pferdezuchtverein-freudenberg.de\/wp-content\/uploads\/2025\/04\/Stute_Fohlen_Start_klein-11.jpg\" alt=\"\" data-image-width=\"400\" data-image-height=\"338\">\n                <\/div>\n              <\/div>\n            <\/div>\n          <\/div>\n        <\/div>\n      <\/div>\n    <\/section>\n    <section class=\"u-clearfix u-section-3\" id=\"block-4\">\n      <div class=\"u-clearfix u-sheet u-valign-middle u-sheet-1\">\n        <div class=\"u-align-center u-container-align-center u-container-style u-group u-palette-5-light-2 u-radius u-shape-round u-group-1\">\n          <div class=\"u-container-layout u-valign-middle u-container-layout-1\">\n            <p class=\"u-text u-text-1\" data-animation-name=\"customAnimationIn\" data-animation-duration=\"1000\" data-animation-delay=\"0\">\n              <a class=\"u-active-none u-border-none u-btn u-button-link u-button-style u-hover-none u-none u-text-custom-color-20 u-btn-1\" href=\"https:\/\/www.pferdezuchtverein-freudenberg.de\/index.php\/freispringen-info\/\">INFO<br>14. Freudenberger<br>Freispringwettbewerb<br>Sonntag, 12.04.2026<br>\n              <\/a>\n            <\/p>\n          <\/div>\n        <\/div>\n      <\/div>\n    <\/section>\n    <section class=\"u-align-center u-clearfix u-container-align-center u-white u-section-4\" id=\"block-3\">\n      <div class=\"u-clearfix u-sheet u-valign-middle-md u-sheet-1\">\n        <h3 class=\"u-text u-text-default u-text-1\">2026<span style=\"font-weight: 700;\"><\/span>\n        <\/h3>\n        <div class=\"custom-expanded u-list u-list-1\">\n          <div class=\"u-repeater u-repeater-1\">\n            <div class=\"u-align-left u-border-1 u-border-grey-75 u-container-align-left u-container-style u-list-item u-palette-5-light-2 u-radius-20 u-repeater-item u-shape-round u-list-item-1\" data-animation-name=\"customAnimationIn\" data-animation-duration=\"1500\" data-animation-delay=\"0\">\n              <div class=\"u-container-layout u-similar-container u-container-layout-1\">\n                <div class=\"u-align-center u-container-align-center u-container-style u-group u-radius-50 u-shape-round u-white u-group-1\" data-href=\"https:\/\/www.pferdezuchtverein-freudenberg.de\/index.php\/jahreshauptversammlung2023\/\">\n                  <div class=\"u-container-layout\">\n                    <h6 class=\"u-text u-text-black u-text-2\">\n                      <a class=\"u-active-none u-border-none u-btn u-button-link u-button-style u-hover-none u-none u-text-palette-1-base u-btn-1\" href=\"\">&nbsp;Unsere Jahreshauptversammlung <br>08. April 2026\n                      <\/a>\n                    <\/h6>\n                  <\/div>\n                <\/div>\n                <div class=\"u-align-center u-container-align-center u-container-style u-group u-radius-50 u-shape-round u-white u-group-2\">\n                  <div class=\"u-container-layout\">\n                    <h6 class=\"u-text u-text-black u-text-3\">\n                      <a class=\"u-active-none u-border-none u-btn u-button-link u-button-style u-hover-none u-none u-text-palette-1-dark-1 u-btn-2\" href=\"https:\/\/www.pferdezuchtverein-freudenberg.de\/index.php\/freispringen-info\/\"> 14. Freudenberger Freispringwettbewerb <br>12. April 2026 \n                      <\/a>\n                    <\/h6>\n                  <\/div>\n                <\/div>\n                <div class=\"u-align-center u-container-align-center u-container-style u-group u-radius-50 u-shape-round u-white u-group-3\">\n                  <div class=\"u-container-layout u-valign-middle\">\n                    <h6 class=\"u-text u-text-black u-text-4\">\n                      <a class=\"u-active-none u-border-none u-btn u-button-link u-button-style u-hover-none u-none u-text-palette-1-dark-1 u-btn-3\" href=\"https:\/\/www.pferdezuchtverein-freudenberg.de\/index.php\/brokserstutenfohlen-info-1\/\"> Fohlenschau der ARGE S\u00fcstedt <br>30. April 2026 \n                      <\/a>\n                    <\/h6>\n                  <\/div>\n                <\/div>\n                <div class=\"u-align-center u-container-align-center u-container-style u-group u-radius-50 u-shape-round u-white u-group-4\">\n                  <div class=\"u-container-layout\">\n                    <h6 class=\"u-text u-text-black u-text-5\">\n                      <a class=\"u-active-none u-border-none u-btn u-button-link u-button-style u-hover-none u-none u-text-palette-1-base u-btn-4\" href=\"https:\/\/www.pferdezuchtverein-freudenberg.de\/index.php\/brokserstutenfohlen2025\/\">Vilsa Brokser Stutenevent<br>20. Juni 2026&nbsp;\n                      <\/a>\n                      <br>\n                      <br>\n                    <\/h6>\n                  <\/div>\n                <\/div>\n              <\/div>\n            <\/div>\n          <\/div>\n        <\/div>\n        <h3 class=\"u-text u-text-default u-text-6\">2025<\/h3>\n        <div class=\"custom-expanded u-list u-list-2\">\n          <div class=\"u-repeater u-repeater-2\">\n            <div class=\"u-align-left u-border-1 u-border-grey-75 u-container-align-left u-container-style u-list-item u-palette-5-light-2 u-radius-20 u-repeater-item u-shape-round u-list-item-2\" data-animation-name=\"customAnimationIn\" data-animation-duration=\"1500\" data-animation-delay=\"0\">\n              <div class=\"u-container-layout u-similar-container u-container-layout-6\">\n                <div class=\"u-align-center u-container-align-center u-container-align-center-xl u-container-style u-group u-radius-50 u-shape-round u-white u-group-5\">\n                  <div class=\"u-container-layout u-valign-middle\">\n                    <h6 class=\"u-text u-text-black u-text-7\">\n                      <a class=\"u-active-none u-border-none u-btn u-button-link u-button-style u-hover-none u-none u-text-palette-1-base u-btn-5\" href=\"https:\/\/www.pferdezuchtverein-freudenberg.de\/index.php\/freispringwettbewerb2025\/\"> 13. Freudenberger Freispringwettbewerb<br>23. M\u00e4rz 2025<br>\n                      <\/a>\n                    <\/h6>\n                  <\/div>\n                <\/div>\n                <div class=\"u-align-center u-container-align-center u-container-style u-group u-radius-50 u-shape-round u-white u-group-6\">\n                  <div class=\"u-container-layout u-valign-middle\">\n                    <h6 class=\"u-text u-text-black u-text-8\">\n                      <a class=\"u-active-none u-border-none u-btn u-button-link u-button-style u-hover-none u-none u-text-palette-1-base u-btn-6\" href=\"https:\/\/www.pferdezuchtverein-freudenberg.de\/index.php\/jahreshauptversammlung2025\/\">Unsere Jahreshauptversammlung <br>02. April 2025<br>\n                      <\/a>\n                    <\/h6>\n                  <\/div>\n                <\/div>\n                <div class=\"u-align-center u-container-align-center u-container-style u-group u-radius-50 u-shape-round u-white u-group-7\">\n                  <div class=\"u-container-layout\">\n                    <h6 class=\"u-text u-text-black u-text-9\">\n                      <a class=\"u-active-none u-border-none u-btn u-button-link u-button-style u-hover-none u-none u-text-palette-1-base u-btn-7\" href=\"https:\/\/www.pferdezuchtverein-freudenberg.de\/index.php\/2025-fohlenrundfahrt\/\">Freudenberger Fohlenrundfahrt<br>01. Juni 2025<br>\n                      <\/a>\n                    <\/h6>\n                  <\/div>\n                <\/div>\n                <div class=\"u-align-center u-container-align-center u-container-style u-group u-radius-50 u-shape-round u-white u-group-8\" data-href=\"https:\/\/www.pferdezuchtverein-freudenberg.de\/index.php\/brokserstutenfohlen2025\/\">\n                  <div class=\"u-container-layout\">\n                    <h6 class=\"u-text u-text-black u-text-10\">\n                      <a class=\"u-active-none u-border-none u-btn u-button-link u-button-style u-hover-none u-none u-text-palette-1-base u-btn-8\" href=\"https:\/\/www.pferdezuchtverein-freudenberg.de\/index.php\/brokserstutenfohlen2025-ergeb\/\">Vilsa Brokser Stuten- und Fohlenevent<br>20. Juni 2025 und 22. Juni 2025 \n                      <\/a>\n                    <\/h6>\n                  <\/div>\n                <\/div>\n              <\/div>\n            <\/div>\n          <\/div>\n        <\/div>\n        <h3 class=\"u-text u-text-default u-text-11\">2024<\/h3>\n        <div class=\"custom-expanded u-list u-list-3\">\n          <div class=\"u-repeater u-repeater-3\">\n            <div class=\"u-align-center u-border-1 u-border-grey-75 u-container-align-center u-container-style u-list-item u-palette-5-light-2 u-radius-20 u-repeater-item u-shape-round u-list-item-3\" data-animation-name=\"customAnimationIn\" data-animation-duration=\"1500\" data-animation-delay=\"0\">\n              <div class=\"u-container-layout u-similar-container u-container-layout-11\">\n                <div class=\"u-align-center u-container-align-center u-container-style u-group u-radius-50 u-shape-round u-white u-group-9\">\n                  <div class=\"u-container-layout u-valign-middle\">\n                    <h6 class=\"u-text u-text-black u-text-12\">\n                      <a class=\"u-active-none u-border-none u-btn u-button-link u-button-style u-hover-none u-none u-text-palette-1-base u-btn-9\" href=\"https:\/\/www.pferdezuchtverein-freudenberg.de\/index.php\/jahreshauptversammlung2024\/\">Unsere Jahreshauptversammlung <br>&nbsp;14. M\u00e4rz 2024 \n                      <\/a>\n                    <\/h6>\n                  <\/div>\n                <\/div>\n                <div class=\"custom-expanded u-align-center u-container-align-center u-container-style u-group u-radius-50 u-shape-round u-white u-group-10\">\n                  <div class=\"u-container-layout\">\n                    <h6 class=\"u-text u-text-black u-text-13\">\n                      <a class=\"u-active-none u-border-none u-btn u-button-link u-button-style u-hover-none u-none u-text-palette-1-dark-1 u-btn-10\" href=\"https:\/\/www.pferdezuchtverein-freudenberg.de\/index.php\/freispringwettbewerb2024\/\"> 12. Freudenberger Freispringwettbewerb <br>07. April 2024 \n                      <\/a>\n                    <\/h6>\n                  <\/div>\n                <\/div>\n                <div class=\"u-align-center u-container-align-center u-container-style u-group u-radius-50 u-shape-round u-white u-group-11\" data-href=\"https:\/\/www.pferdezuchtverein-freudenberg.de\/index.php\/brokserstutenfohlen2027\/\">\n                  <div class=\"u-container-layout\">\n                    <h6 class=\"u-text u-text-black u-text-14\">\n                      <a class=\"u-active-none u-border-none u-btn u-button-link u-button-style u-hover-none u-none u-text-palette-1-base u-btn-11\" href=\"https:\/\/www.pferdezuchtverein-freudenberg.de\/index.php\/brokserstutenfohlen2027\/\">Vilsa Brokser Stuten- und Fohlenevent<br>14. Juni 2024 und 16. Juni 2024\n                      <\/a>\n                      <br>\n                      <br>\n                    <\/h6>\n                  <\/div>\n                <\/div>\n              <\/div>\n            <\/div>\n          <\/div>\n        <\/div>\n      <\/div>\n    <\/section>\n    <section class=\"u-align-center u-clearfix u-container-align-center u-palette-5-light-2 u-section-5\" id=\"carousel_1277\">\n      <div class=\"u-clearfix u-sheet u-sheet-1\"><\/div>\n    <\/section>\n    \n    \n    \n  \n<\/div>","protected":false},"excerpt":{"rendered":"<p>&nbsp; \u200bDer Pferdezuchtverein Bassum-Freudenberg e.V. begr\u00fc\u00dft Sie auf seiner Homepage. Hier erhalten Sie alle Informationen \u00fcber den Verein, unsere Z\u00fcchter, Veranstaltungen und vieles mehr! Kontakt: Ina Rogge-LeopoldTel. 04241 &#8211; 971177Mail : leopold-rogge@t-online.de INFO14. FreudenbergerFreispringwettbewerbSonntag, 12.04.2026 2026 &nbsp;Unsere Jahreshauptversammlung 08. April 2026 14. Freudenberger Freispringwettbewerb 12. April 2026 Fohlenschau der ARGE S\u00fcstedt 30. April 2026 Vilsa [&hellip;]<\/p>\n","protected":false},"author":1,"featured_media":0,"parent":0,"menu_order":23,"comment_status":"closed","ping_status":"closed","template":"","meta":{"footnotes":""},"class_list":["post-1973","page","type-page","status-publish","hentry"],"_links":{"self":[{"href":"https:\/\/www.pferdezuchtverein-freudenberg.de\/index.php\/wp-json\/wp\/v2\/pages\/1973","targetHints":{"allow":["GET"]}}],"collection":[{"href":"https:\/\/www.pferdezuchtverein-freudenberg.de\/index.php\/wp-json\/wp\/v2\/pages"}],"about":[{"href":"https:\/\/www.pferdezuchtverein-freudenberg.de\/index.php\/wp-json\/wp\/v2\/types\/page"}],"author":[{"embeddable":true,"href":"https:\/\/www.pferdezuchtverein-freudenberg.de\/index.php\/wp-json\/wp\/v2\/users\/1"}],"replies":[{"embeddable":true,"href":"https:\/\/www.pferdezuchtverein-freudenberg.de\/index.php\/wp-json\/wp\/v2\/comments?post=1973"}],"version-history":[{"count":49,"href":"https:\/\/www.pferdezuchtverein-freudenberg.de\/index.php\/wp-json\/wp\/v2\/pages\/1973\/revisions"}],"predecessor-version":[{"id":2958,"href":"https:\/\/www.pferdezuchtverein-freudenberg.de\/index.php\/wp-json\/wp\/v2\/pages\/1973\/revisions\/2958"}],"wp:attachment":[{"href":"https:\/\/www.pferdezuchtverein-freudenberg.de\/index.php\/wp-json\/wp\/v2\/media?parent=1973"}],"curies":[{"name":"wp","href":"https:\/\/api.w.org\/{rel}","templated":true}]}}