{"id":1971,"date":"2025-04-15T13:56:31","date_gmt":"2025-04-15T13:56:31","guid":{"rendered":"https:\/\/www.pferdezuchtverein-freudenberg.de\/wp_2025\/index.php\/neueseite4\/"},"modified":"2026-02-19T17:10:47","modified_gmt":"2026-02-19T17:10:47","slug":"neueseite4","status":"publish","type":"page","link":"https:\/\/www.pferdezuchtverein-freudenberg.de\/index.php\/neueseite4\/","title":{"rendered":"Archiv2"},"content":{"rendered":"<div class=\"\" style=\"\" >\n    \n    <section class=\"u-align-center u-clearfix u-container-align-center-xl u-gradient u-section-2\" id=\"block-2\">\n      <div class=\"u-clearfix u-sheet u-sheet-1\">\n        <div class=\"data-layout-selected u-clearfix u-expanded-width-lg u-expanded-width-md u-expanded-width-sm u-expanded-width-xs u-gutter-26 u-layout-wrap u-radius u-layout-wrap-1\">\n          <div class=\"u-gutter-0 u-layout\">\n            <div class=\"u-layout-row\">\n              <div class=\"u-align-center u-container-style u-layout-cell u-size-60 u-white u-layout-cell-1\">\n                <div class=\"u-container-layout u-container-layout-1\">\n                  <div class=\"u-container-style u-expanded-width u-group u-palette-5-light-1 u-radius u-shape-round u-group-1\">\n                    <div class=\"u-container-layout u-container-layout-2\"><\/div>\n                  <\/div>\n                  <h3 class=\"u-text u-text-default u-text-1\">2023<span style=\"font-weight: 700;\"><\/span>\n                  <\/h3>\n                  <div class=\"u-expanded-width-md u-expanded-width-sm u-expanded-width-xs u-list u-list-1\">\n                    <div class=\"u-repeater u-repeater-1\">\n                      <div class=\"u-align-left u-border-1 u-border-grey-75 u-container-align-left-lg u-container-align-left-xl u-container-style u-list-item u-palette-5-light-2 u-radius-20 u-repeater-item u-shape-round u-list-item-1\" data-animation-name=\"customAnimationIn\" data-animation-duration=\"1500\" data-animation-delay=\"0\">\n                        <div class=\"u-container-layout u-similar-container u-container-layout-3\">\n                          <div class=\"u-align-center u-container-align-center u-container-style u-group u-radius-50 u-shape-round u-white u-group-2\" data-href=\"https:\/\/www.pferdezuchtverein-freudenberg.de\/index.php\/jahreshauptversammlung2023\/\">\n                            <div class=\"u-container-layout\">\n                              <h6 class=\"u-text u-text-black u-text-2\">\n                                <a class=\"u-active-none u-border-none u-btn u-button-link u-button-style u-hover-none u-none u-text-palette-1-base u-btn-1\" href=\"https:\/\/www.pferdezuchtverein-freudenberg.de\/index.php\/jahreshauptversammlung2023\/\">&nbsp;Unsere Jahreshauptversammlung <br>16. M\u00e4rz 2023<br>\n                                <\/a>\n                              <\/h6>\n                            <\/div>\n                          <\/div>\n                          <div class=\"u-align-center u-container-align-center u-container-style u-group u-radius-50 u-shape-round u-white u-group-3\">\n                            <div class=\"u-container-layout\">\n                              <h6 class=\"u-text u-text-black u-text-3\">\n                                <a class=\"u-active-none u-border-none u-btn u-button-link u-button-style u-hover-none u-none u-text-palette-1-dark-1 u-btn-2\" href=\"https:\/\/www.pferdezuchtverein-freudenberg.de\/index.php\/freispringwettbewerb\/\"> 11. Freudenberger Freispringwettbewerb <br>16. April 2023 \n                                <\/a>\n                              <\/h6>\n                            <\/div>\n                          <\/div>\n                          <div class=\"u-align-center u-container-align-center u-container-style u-group u-radius-50 u-shape-round u-white u-group-4\">\n                            <div class=\"u-container-layout\">\n                              <h6 class=\"u-text u-text-black u-text-4\">\n                                <a class=\"u-active-none u-border-none u-btn u-button-link u-button-style u-hover-none u-none u-text-palette-1-base u-btn-3\" href=\"https:\/\/www.pferdezuchtverein-freudenberg.de\/index.php\/brokserstutenfohlen-2023\/\">Vilsa Brokser Stuten- und Fohlenevent<br>16. Juni 2023 und 18. Juni 2023\n                                <\/a>\n                                <br>\n                                <br>\n                              <\/h6>\n                            <\/div>\n                          <\/div>\n                          <div class=\"u-align-center u-container-align-center u-container-style u-group u-radius-50 u-shape-round u-white u-group-5\" data-href=\"https:\/\/www.pferdezuchtverein-freudenberg.de\/index.php\/jahreshauptversammlung2023\/\">\n                            <div class=\"u-container-layout\">\n                              <h6 class=\"u-text u-text-black u-text-5\">\n                                <a class=\"u-active-none u-border-none u-btn u-button-link u-button-style u-hover-none u-none u-text-palette-1-base u-btn-4\" href=\"https:\/\/www.pferdezuchtverein-freudenberg.de\/index.php\/2023-fohlenrundfahrt\/\">Freudenberger Fohlenrundfahrt<br>01. Juli 2023\n                                <\/a>\n                              <\/h6>\n                            <\/div>\n                          <\/div>\n                        <\/div>\n                      <\/div>\n                    <\/div>\n                  <\/div>\n                <\/div>\n              <\/div>\n            <\/div>\n          <\/div>\n        <\/div>\n        <div class=\"custom-expanded data-layout-selected u-clearfix u-gutter-26 u-layout-wrap u-radius u-layout-wrap-2\">\n          <div class=\"u-gutter-0 u-layout\">\n            <div class=\"u-layout-row\">\n              <div class=\"u-align-center u-container-align-center u-container-align-center-lg u-container-align-center-md u-container-align-center-sm u-container-align-center-xl u-container-style u-layout-cell u-size-30 u-white u-layout-cell-2\">\n                <div class=\"u-container-layout u-valign-bottom u-container-layout-8\">\n                  <p class=\"u-text u-text-font u-text-6\"> &nbsp; \u200bDer Pferdezuchtverein Bassum-Freudenberg e.V. begr\u00fc\u00dft Sie auf seiner Homepage. Hier erhalten Sie alle Informationen \u00fcber den Verein, <br>unsere Z\u00fcchter, Veranstaltungen und vieles mehr!<br>\n                    <br>Kontakt: Ina Rogge-Leopold<br>Tel. 04241 - 971177<br>Mail : leopold-rogge@t-online.de<br>\n                    <br>\n                  <\/p>\n                  <img decoding=\"async\" class=\"u-image u-image-default u-image-1\" src=\"https:\/\/www.pferdezuchtverein-freudenberg.de\/wp-content\/uploads\/2025\/04\/jubi-11.jpg\" alt=\"\" data-image-width=\"600\" data-image-height=\"218\">\n                <\/div>\n              <\/div>\n              <div class=\"u-container-style u-layout-cell u-size-30 u-white u-layout-cell-3\">\n                <div class=\"u-container-layout u-container-layout-9\">\n                  <img decoding=\"async\" class=\"u-image u-image-default u-image-2\" src=\"https:\/\/www.pferdezuchtverein-freudenberg.de\/wp-content\/uploads\/2025\/04\/Stute_Fohlen_Start_klein-11.jpg\" alt=\"\" data-image-width=\"400\" data-image-height=\"338\">\n                <\/div>\n              <\/div>\n            <\/div>\n          <\/div>\n        <\/div>\n      <\/div>\n    <\/section>\n    <section class=\"u-align-center u-clearfix u-container-align-center u-palette-5-light-2 u-section-3\" id=\"carousel_1277\">\n      <div class=\"u-clearfix u-sheet u-sheet-1\"><\/div>\n    <\/section>\n    <section class=\"u-align-center u-clearfix u-container-align-center u-gradient u-section-4\" id=\"sec-02df\">\n      <div class=\"u-clearfix u-sheet u-sheet-1\">\n        <div class=\"u-expanded-width-md u-expanded-width-sm u-expanded-width-xs u-list u-list-1\">\n          <div class=\"u-repeater u-repeater-1\">\n            <div class=\"u-align-left u-border-1 u-border-grey-75 u-container-align-left u-container-align-left-lg u-container-align-left-xl u-container-style u-list-item u-palette-5-light-2 u-radius-20 u-repeater-item u-shape-round u-list-item-1\" data-animation-name=\"customAnimationIn\" data-animation-duration=\"1500\" data-animation-delay=\"0\">\n              <div class=\"u-container-layout u-similar-container u-valign-bottom-lg u-valign-bottom-sm u-valign-bottom-xs u-container-layout-1\">\n                <div class=\"u-align-center u-container-align-center u-container-style u-expanded-width-lg u-expanded-width-md u-expanded-width-sm u-expanded-width-xs u-group u-radius-50 u-shape-round u-white u-group-1\">\n                  <div class=\"u-container-layout u-valign-middle-md u-valign-middle-sm u-valign-middle-xl u-valign-middle-xs\">\n                    <h6 class=\"u-text u-text-black u-text-1\">Jahreshaupt-<br>versammlung<br>1968<br>\n                    <\/h6>\n                  <\/div>\n                <\/div>\n                <p class=\"u-align-center u-text u-text-2\">etwas historisches...<br>\n                  <br>ein kurzer Bericht mit <br>einigen Fotos \u00fcber <br>die Jahreshaupt-<br>versammlung <br>von 1968<br>\n                  <br>...&nbsp; wie es damals <br>eben so war ....<br>\n                  <br>\n                <\/p>\n                <a href=\"https:\/\/www.pferdezuchtverein-freudenberg.de\/index.php\/neueseite2\/\" class=\"u-active-palette-1-light-1 u-align-center u-border-2 u-border-grey-50 u-btn u-btn-round u-button-style u-hover-palette-1-light-1 u-radius u-text-hover-white u-white u-btn-1\">mehr Infos<\/a>\n              <\/div>\n            <\/div>\n            <div class=\"u-align-left u-border-1 u-border-grey-75 u-container-align-left u-container-style u-list-item u-palette-5-light-2 u-radius-20 u-repeater-item u-shape-round u-video-cover u-list-item-2\" data-animation-name=\"customAnimationIn\" data-animation-duration=\"1500\">\n              <div class=\"u-container-layout u-similar-container u-valign-bottom-lg u-valign-bottom-sm u-valign-bottom-xs u-container-layout-3\">\n                <div class=\"u-align-center u-container-align-center u-container-style u-expanded-width-lg u-expanded-width-md u-expanded-width-sm u-expanded-width-xs u-group u-radius-50 u-shape-round u-white u-group-2\">\n                  <div class=\"u-container-layout u-valign-middle-md u-valign-middle-sm u-valign-middle-xl u-valign-middle-xs\">\n                    <h6 class=\"u-text u-text-black u-text-3\">Jahreshaupt-<br>versammlung <br>2018<br>\n                    <\/h6>\n                  <\/div>\n                <\/div>\n                <p class=\"u-align-center u-text u-text-4\">unsere Jubil\u00e4ums-<br>Jahreshauptversammlung<br>zum<br>100-j\u00e4hrigen Bestehen<br>unseres Vereins<br>\n                  <br>\n                  <br>\n                  <br>\n                  <br>\n                  <br>\n                  <br>\n                <\/p>\n                <a href=\"https:\/\/www.pferdezuchtverein-freudenberg.de\/index.php\/neueseite3\/\" class=\"u-active-palette-1-light-1 u-align-center u-border-2 u-border-grey-50 u-btn u-btn-round u-button-style u-hover-palette-1-light-1 u-radius u-text-hover-white u-white u-btn-2\">mehr Infos<\/a>\n              <\/div>\n            <\/div>\n            <div class=\"u-align-left u-border-1 u-border-grey-75 u-container-align-left u-container-style u-list-item u-palette-5-light-2 u-radius-20 u-repeater-item u-shape-round u-video-cover u-list-item-3\" data-animation-name=\"customAnimationIn\" data-animation-duration=\"1500\">\n              <div class=\"u-container-layout u-similar-container u-valign-bottom-lg u-valign-bottom-sm u-valign-bottom-xs u-container-layout-5\">\n                <div class=\"u-align-center u-container-align-center u-container-style u-expanded-width-lg u-expanded-width-md u-expanded-width-sm u-expanded-width-xs u-group u-radius-50 u-shape-round u-white u-group-3\">\n                  <div class=\"u-container-layout u-valign-middle-md u-valign-middle-sm u-valign-middle-xl u-valign-middle-xs\">\n                    <h6 class=\"u-text u-text-black u-text-5\">Unsere <br>Fohlenschau<br>2018 \n                    <\/h6>\n                  <\/div>\n                <\/div>\n                <p class=\"u-align-center u-text u-text-6\">in unserem<br>Jubil\u00e4umsjahr 2018<br>konnten wir alle eine<br>ganz besondere<br>Fohlenschau<br>erleben...<br>\n                  <br>und ein Sieger der Herzen<br>war auch dabei!<br>\n                  <br>\n                  <br>\n                <\/p>\n                <a href=\"https:\/\/www.pferdezuchtverein-freudenberg.de\/index.php\/fohlenschau2018\/\" class=\"u-active-palette-1-light-1 u-align-center u-border-2 u-border-grey-50 u-btn u-btn-round u-button-style u-hover-palette-1-light-1 u-radius u-text-hover-white u-white u-btn-3\">mehr Infos<\/a>\n              <\/div>\n            <\/div>\n            <div class=\"u-align-left u-border-1 u-border-grey-75 u-container-align-left u-container-style u-list-item u-palette-5-light-2 u-radius-20 u-repeater-item u-shape-round u-video-cover u-list-item-4\" data-animation-name=\"customAnimationIn\" data-animation-duration=\"1500\">\n              <div class=\"u-container-layout u-similar-container u-valign-bottom-lg u-valign-bottom-sm u-valign-bottom-xs u-container-layout-7\">\n                <div class=\"u-align-center u-container-align-center u-container-style u-expanded-width-lg u-expanded-width-md u-expanded-width-sm u-expanded-width-xs u-group u-radius-50 u-shape-round u-white u-group-4\">\n                  <div class=\"u-container-layout u-valign-middle-md u-valign-middle-sm u-valign-middle-xl u-valign-middle-xs\">\n                    <h6 class=\"u-text u-text-black u-text-7\">Fohlen-<br>rundfahrt<br>2021 \n                    <\/h6>\n                  <\/div>\n                <\/div>\n                <p class=\"u-align-center u-text u-text-8\">nach vielen Fohlenschauen<br>auf der Anlage des<br>RuFV Diek-Bassum e. V.<br>unsere 1. Fohlen-<br>rundfahrt in 2021<br>\n                  <br>\n                  <br>\n                  <br>\n                  <br>\n                  <br>\n                  <br>\n                <\/p>\n                <a href=\"https:\/\/www.pferdezuchtverein-freudenberg.de\/index.php\/freispringwettbewerb2025-2\/\" class=\"u-active-palette-1-light-1 u-align-center u-border-2 u-border-grey-50 u-btn u-btn-round u-button-style u-hover-palette-1-light-1 u-radius u-text-hover-white u-white u-btn-4\">mehr Infos<\/a>\n              <\/div>\n            <\/div>\n          <\/div>\n        <\/div>\n      <\/div>\n    <\/section>\n    <section class=\"u-align-center u-clearfix u-container-align-center u-gradient u-section-5\" id=\"sec-a4c1\"><\/section>\n    \n    \n    \n  \n<\/div>","protected":false},"excerpt":{"rendered":"<p>2023 &nbsp;Unsere Jahreshauptversammlung 16. M\u00e4rz 2023 11. Freudenberger Freispringwettbewerb 16. April 2023 Vilsa Brokser Stuten- und Fohlenevent16. Juni 2023 und 18. Juni 2023 Freudenberger Fohlenrundfahrt01. Juli 2023 &nbsp; \u200bDer Pferdezuchtverein Bassum-Freudenberg e.V. begr\u00fc\u00dft Sie auf seiner Homepage. Hier erhalten Sie alle Informationen \u00fcber den Verein, unsere Z\u00fcchter, Veranstaltungen und vieles mehr! Kontakt: Ina Rogge-LeopoldTel. 04241 [&hellip;]<\/p>\n","protected":false},"author":1,"featured_media":0,"parent":0,"menu_order":21,"comment_status":"closed","ping_status":"closed","template":"","meta":{"footnotes":""},"class_list":["post-1971","page","type-page","status-publish","hentry"],"_links":{"self":[{"href":"https:\/\/www.pferdezuchtverein-freudenberg.de\/index.php\/wp-json\/wp\/v2\/pages\/1971","targetHints":{"allow":["GET"]}}],"collection":[{"href":"https:\/\/www.pferdezuchtverein-freudenberg.de\/index.php\/wp-json\/wp\/v2\/pages"}],"about":[{"href":"https:\/\/www.pferdezuchtverein-freudenberg.de\/index.php\/wp-json\/wp\/v2\/types\/page"}],"author":[{"embeddable":true,"href":"https:\/\/www.pferdezuchtverein-freudenberg.de\/index.php\/wp-json\/wp\/v2\/users\/1"}],"replies":[{"embeddable":true,"href":"https:\/\/www.pferdezuchtverein-freudenberg.de\/index.php\/wp-json\/wp\/v2\/comments?post=1971"}],"version-history":[{"count":18,"href":"https:\/\/www.pferdezuchtverein-freudenberg.de\/index.php\/wp-json\/wp\/v2\/pages\/1971\/revisions"}],"predecessor-version":[{"id":2887,"href":"https:\/\/www.pferdezuchtverein-freudenberg.de\/index.php\/wp-json\/wp\/v2\/pages\/1971\/revisions\/2887"}],"wp:attachment":[{"href":"https:\/\/www.pferdezuchtverein-freudenberg.de\/index.php\/wp-json\/wp\/v2\/media?parent=1971"}],"curies":[{"name":"wp","href":"https:\/\/api.w.org\/{rel}","templated":true}]}}