{"id":1959,"date":"2025-04-15T13:56:19","date_gmt":"2025-04-15T13:56:19","guid":{"rendered":"https:\/\/www.pferdezuchtverein-freudenberg.de\/wp_2025\/index.php\/aktuell1\/"},"modified":"2026-02-20T17:08:19","modified_gmt":"2026-02-20T17:08:19","slug":"aktuell1","status":"publish","type":"page","link":"https:\/\/www.pferdezuchtverein-freudenberg.de\/index.php\/aktuell1\/","title":{"rendered":"Aktuell1"},"content":{"rendered":"<div class=\"\" style=\"\" >\n    \n    <section class=\"u-align-center u-clearfix u-container-align-center u-container-align-center-lg u-container-align-center-md u-container-align-center-sm u-container-align-center-xl u-gradient u-section-2\" id=\"block-2\">\n      <div class=\"u-clearfix u-sheet u-sheet-1\">\n        <div class=\"custom-expanded data-layout-selected u-clearfix u-gutter-26 u-layout-wrap u-radius u-layout-wrap-1\">\n          <div class=\"u-gutter-0 u-layout\">\n            <div class=\"u-layout-row\">\n              <div class=\"u-align-center u-container-align-center u-container-style u-layout-cell u-size-30-lg u-size-30-md u-size-30-xl u-size-31-sm u-size-31-xs u-white u-layout-cell-1\">\n                <div class=\"u-container-layout u-valign-bottom-lg u-valign-bottom-md u-valign-bottom-sm u-valign-bottom-xs u-container-layout-1\">\n                  <img decoding=\"async\" class=\"u-image u-image-default u-image-1\" src=\"https:\/\/www.pferdezuchtverein-freudenberg.de\/wp-content\/uploads\/2025\/04\/schleifen1-11.jpg\" alt=\"\" data-image-width=\"600\" data-image-height=\"378\">\n                <\/div>\n              <\/div>\n              <div class=\"u-container-style u-layout-cell u-size-29-sm u-size-29-xs u-size-30-lg u-size-30-md u-size-30-xl u-white u-layout-cell-2\">\n                <div class=\"u-container-layout u-valign-top u-container-layout-2\">\n                  <img decoding=\"async\" class=\"u-image u-image-default u-image-2\" src=\"https:\/\/www.pferdezuchtverein-freudenberg.de\/wp-content\/uploads\/2025\/04\/FreispringenCleoM-11.jpg\" alt=\"\" data-image-width=\"600\" data-image-height=\"433\">\n                <\/div>\n              <\/div>\n            <\/div>\n          <\/div>\n        <\/div>\n      <\/div>\n    <\/section>\n    <section class=\"u-align-center u-clearfix u-container-align-center u-white u-section-3\" id=\"block-3\">\n      <div class=\"u-clearfix u-sheet u-valign-middle-lg u-valign-middle-md u-valign-middle-sm u-sheet-1\">\n        <div class=\"u-expanded-width-xs u-list u-list-1\">\n          <div class=\"u-repeater u-repeater-1\">\n            <div class=\"u-align-center-xs u-align-left-lg u-align-left-md u-align-left-sm u-align-left-xl u-border-1 u-border-grey-75 u-container-align-left u-container-style u-list-item u-palette-5-light-2 u-radius-20 u-repeater-item u-shape-round u-list-item-1\" data-animation-name=\"customAnimationIn\" data-animation-duration=\"1500\" data-animation-delay=\"0\">\n              <div class=\"u-container-layout u-similar-container u-valign-bottom u-container-layout-1\">\n                <div class=\"u-align-center u-container-align-center u-container-style u-group u-radius-50 u-shape-round u-white u-group-1\">\n                  <div class=\"u-container-layout\">\n                    <h6 class=\"u-text u-text-black u-text-1\"> Vorschau Termine <br>1. Halbjahr 2026<br>\n                    <\/h6>\n                  <\/div>\n                <\/div>\n                <p class=\"u-text u-text-2\">\n                  <br><span style=\"font-weight: 700;\">07.02.26<\/span>\n                  <br>Hannoveraner Privathengstschau<br>*Verden, Niedersachsenhalle<br><span style=\"font-weight: 700;\">21.04.26 <\/span>&nbsp; <br>Hannoveraner Freispringchampionat <br>* Verden, Niedersachsenhalle<br><span style=\"font-weight: 700;\">10.04. - 12.04.26 <\/span>&nbsp;&nbsp;&nbsp; &nbsp;&nbsp;&nbsp; <br>Nordpferd - Die Welt der Pferde<br>* Neum\u00fcnster, Holstenhallen<br>&nbsp;&nbsp;&nbsp; Information: www.nordpferd.de<br>\n                  <br><span style=\"font-weight: 700;\" class=\"u-text-custom-color-19\">12.04.26 - 10.00 Uhr&nbsp;&nbsp; 14. FREUDENBERGER FreispringWettbewerb<\/span><span class=\"u-text-custom-color-19\"><\/span><span class=\"u-text-custom-color-19\">\n                    <br>* Anlage des RuFV Diek-Bassum e. V., 27211 Bassum-Wiebusch<\/span>\n                  <br>\n                  <br><span style=\"font-weight: 700;\">22.04. - 26.04.26<\/span>\n                  <br>Horses &amp; Dreams meets <br>* Hagen a. T. W., P.S.I. GmbH <br>Informationen: <a href=\"http:\/\/www.psi-events.de\" class=\"u-active-none u-border-none u-btn u-button-style u-hover-none u-none u-text-palette-1-base u-btn-1\">www.psi-events.de<\/a>&nbsp; <br>\n                  <br><span style=\"font-weight: 700;\">30.04.2026 - 17.30 Uhr<\/span>\n                  <br><span style=\"font-weight: 700;\">Fohlenschau der ARGE S\u00fcstedt<\/span>\n                  <br>Pr\u00e4sentation in der Halle -&nbsp; zun\u00e4chst mit Stute an der Hand,<br>danach Beurteilung im Freilaufen von Stute und Fohlen<br>*Ochtmannien, Hof Br\u00fcning<br>\n                  <br><span style=\"font-weight: 700;\">08.05. - 10.05.26 <\/span>&nbsp;&nbsp;&nbsp;&nbsp;&nbsp; <br>&nbsp;Preis der Besten <br>* Warendorf&nbsp; <br><span style=\"font-weight: 700;\">12.05. - 17.05.26 &nbsp;&nbsp; <\/span>&nbsp; &nbsp; <br> Deutsches Spring- und Dressur-Derby<br>* Hamburg, Klein Flottbek&nbsp;&nbsp;&nbsp;&nbsp;&nbsp;&nbsp; <br><span style=\"font-weight: 700;\">2<\/span><span style=\"font-weight: 700;\">2.05. - 24.05.26<\/span>\n                  <br><span style=\"font-weight: 700;\">TSCHIO<\/span> (CHIO Aachen)<br>*Aachen, Aachener Soers<br><span style=\"font-weight: 700;\">04.06. - 07.06.26 &nbsp;<\/span>&nbsp;&nbsp;&nbsp;&nbsp;&nbsp;&nbsp;&nbsp;&nbsp;&nbsp;&nbsp; <br>Deutsche Meisterschaften <br>Dressur u. Springen<br>* Balve, Schlo\u00df Wocklum<br>&nbsp;<span style=\"font-weight: 700;\">10<\/span><span style=\"font-weight: 700;\">.06. - 14.06.26<\/span> &nbsp;&nbsp;&nbsp;&nbsp;&nbsp;&nbsp; <br> Future Champions - Jugend-Nationenpreisturnier das <br>'Aachen der Jugend'<br>* Hagen a. T. W., P.S.I. GmbH <br>Informationen: <a href=\"http:\/\/www.psi-events.de\" class=\"u-active-none u-border-none u-btn u-button-style u-hover-none u-none u-text-palette-1-base u-btn-2\">www.psi-events.de<\/a>&nbsp;&nbsp;&nbsp;&nbsp;&nbsp;<br><span style=\"font-weight: 700;\">17.06. - 21.06.26 &nbsp;&nbsp;&nbsp;&nbsp;&nbsp;&nbsp;<\/span>\n                  <br> Longines CCI5*\/CCI4*<br> Vielseitigkeit Luhm\u00fchlen&nbsp;<br><span style=\"font-weight: 700;\">Deutsche Meisterschaft<\/span>\n                  <br>* Luhm\u00fchlen, AZL Luhm\u00fchlen<br>\n                  <br><span style=\"font-weight: 700;\">VILSA Brokser Stuten- und Fohlenevent<\/span>\n                  <br><span style=\"font-weight: 700;\">20.06.26 - 12.00 Uhr&nbsp;&nbsp;&nbsp;<\/span>\n                  <br> Kombinationstermin mit <br><span style=\"font-weight: 700;\">SCHAU - <\/span><span style=\"font-weight: 700;\">SPRINGSTUTEN<\/span>\n                  <br>- mit Freispringen \/ Aufnahme \/ SLP \/ Pr\u00e4mierung<br>* Ochtmannien, Hof Br\u00fcning<br>&nbsp;<a href=\"https:\/\/www.pferdezuchtverein-freudenberg.de\/index.php\/stutenleistungspruefung-10\/\" class=\"u-active-none u-border-none u-btn u-button-style u-hover-none u-none u-text-palette-1-base u-btn-3\" target=\"_blank\">Stutenleistungspr\u00fcfung&nbsp;<\/a>\n                  <br>20.06.26 - anschl. Kombinationstermin mit <span style=\"font-weight: 700;\">SCHAU - <\/span><span style=\"font-weight: 700;\">DRESSURSTUTEN<\/span>\n                  <br>- mit Freispringen \/ Aufnahme \/ SLP \/ Pr\u00e4mierung<br>* Ochtmannien, Hof Br\u00fcning<br>&nbsp;<a href=\"https:\/\/www.pferdezuchtverein-freudenberg.de\/index.php\/stutenleistungspruefung-10\/\" class=\"u-active-none u-border-none u-btn u-button-style u-hover-none u-none u-text-palette-1-base u-btn-4\" target=\"_blank\">Stutenleistungspr\u00fcfung&nbsp;<br>\n                  <\/a>\n                  <br>\n                  <br>\n                <\/p>\n              <\/div>\n            <\/div>\n          <\/div>\n        <\/div>\n      <\/div>\n    <\/section>\n    <section class=\"u-align-center u-clearfix u-container-align-center u-palette-5-light-2 u-section-4\" id=\"carousel_1277\">\n      <div class=\"u-clearfix u-sheet u-sheet-1\"><\/div>\n    <\/section>\n    \n    \n    \n  \n<\/div>","protected":false},"excerpt":{"rendered":"<p>Vorschau Termine 1. Halbjahr 2026 07.02.26 Hannoveraner Privathengstschau*Verden, Niedersachsenhalle21.04.26 &nbsp; Hannoveraner Freispringchampionat * Verden, Niedersachsenhalle10.04. &#8211; 12.04.26 &nbsp;&nbsp;&nbsp; &nbsp;&nbsp;&nbsp; Nordpferd &#8211; Die Welt der Pferde* Neum\u00fcnster, Holstenhallen&nbsp;&nbsp;&nbsp; Information: www.nordpferd.de 12.04.26 &#8211; 10.00 Uhr&nbsp;&nbsp; 14. FREUDENBERGER FreispringWettbewerb * Anlage des RuFV Diek-Bassum e. V., 27211 Bassum-Wiebusch 22.04. &#8211; 26.04.26 Horses &amp; Dreams meets * Hagen a. [&hellip;]<\/p>\n","protected":false},"author":1,"featured_media":0,"parent":0,"menu_order":9,"comment_status":"closed","ping_status":"closed","template":"","meta":{"footnotes":""},"class_list":["post-1959","page","type-page","status-publish","hentry"],"_links":{"self":[{"href":"https:\/\/www.pferdezuchtverein-freudenberg.de\/index.php\/wp-json\/wp\/v2\/pages\/1959","targetHints":{"allow":["GET"]}}],"collection":[{"href":"https:\/\/www.pferdezuchtverein-freudenberg.de\/index.php\/wp-json\/wp\/v2\/pages"}],"about":[{"href":"https:\/\/www.pferdezuchtverein-freudenberg.de\/index.php\/wp-json\/wp\/v2\/types\/page"}],"author":[{"embeddable":true,"href":"https:\/\/www.pferdezuchtverein-freudenberg.de\/index.php\/wp-json\/wp\/v2\/users\/1"}],"replies":[{"embeddable":true,"href":"https:\/\/www.pferdezuchtverein-freudenberg.de\/index.php\/wp-json\/wp\/v2\/comments?post=1959"}],"version-history":[{"count":22,"href":"https:\/\/www.pferdezuchtverein-freudenberg.de\/index.php\/wp-json\/wp\/v2\/pages\/1959\/revisions"}],"predecessor-version":[{"id":2917,"href":"https:\/\/www.pferdezuchtverein-freudenberg.de\/index.php\/wp-json\/wp\/v2\/pages\/1959\/revisions\/2917"}],"wp:attachment":[{"href":"https:\/\/www.pferdezuchtverein-freudenberg.de\/index.php\/wp-json\/wp\/v2\/media?parent=1959"}],"curies":[{"name":"wp","href":"https:\/\/api.w.org\/{rel}","templated":true}]}}