{"id":1956,"date":"2025-04-15T13:56:16","date_gmt":"2025-04-15T13:56:16","guid":{"rendered":"https:\/\/www.pferdezuchtverein-freudenberg.de\/wp_2025\/index.php\/service\/"},"modified":"2025-04-23T15:12:22","modified_gmt":"2025-04-23T15:12:22","slug":"service","status":"publish","type":"page","link":"https:\/\/www.pferdezuchtverein-freudenberg.de\/index.php\/service\/","title":{"rendered":"Service"},"content":{"rendered":"<div class=\"\" style=\"\" >\n    \n    <section class=\"u-align-center u-clearfix u-container-align-center u-container-align-center-lg u-container-align-center-md u-container-align-center-sm u-container-align-center-xl u-gradient u-section-2\" id=\"block-2\">\n      <div class=\"u-clearfix u-sheet u-valign-middle u-sheet-1\">\n        <div class=\"custom-expanded data-layout-selected u-clearfix u-gutter-26 u-layout-wrap u-radius u-layout-wrap-1\">\n          <div class=\"u-gutter-0 u-layout\">\n            <div class=\"u-layout-row\">\n              <div class=\"u-align-center u-container-align-center u-container-style u-layout-cell u-size-30-lg u-size-30-md u-size-30-xl u-size-31-sm u-size-31-xs u-white u-layout-cell-1\">\n                <div class=\"u-container-layout u-valign-bottom-lg u-valign-bottom-md u-valign-bottom-xs u-valign-middle-sm u-valign-top-xl u-container-layout-1\">\n                  <img decoding=\"async\" class=\"u-image u-image-default u-image-1\" src=\"https:\/\/www.pferdezuchtverein-freudenberg.de\/wp-content\/uploads\/2025\/04\/richter-12.jpg\" alt=\"\" data-image-width=\"600\" data-image-height=\"353\">\n                <\/div>\n              <\/div>\n              <div class=\"u-container-style u-layout-cell u-size-29-sm u-size-29-xs u-size-30-lg u-size-30-md u-size-30-xl u-white u-layout-cell-2\">\n                <div class=\"u-container-layout u-valign-top-lg u-valign-top-md u-valign-top-xl u-valign-top-xs u-container-layout-2\">\n                  <img decoding=\"async\" class=\"u-image u-image-default u-image-2\" src=\"https:\/\/www.pferdezuchtverein-freudenberg.de\/wp-content\/uploads\/2025\/04\/hannover-11.jpg\" alt=\"\" data-image-width=\"573\" data-image-height=\"401\">\n                <\/div>\n              <\/div>\n            <\/div>\n          <\/div>\n        <\/div>\n      <\/div>\n    <\/section>\n    <section class=\"u-align-center u-clearfix u-container-align-center u-white u-section-3\" id=\"block-3\">\n      <div class=\"u-clearfix u-sheet u-valign-middle-lg u-valign-middle-md u-valign-middle-sm u-sheet-1\">\n        <div class=\"u-expanded-width-xs u-list u-list-1\">\n          <div class=\"u-repeater u-repeater-1\">\n            <div class=\"u-align-left u-border-1 u-border-grey-75 u-container-align-left-xl u-container-style u-list-item u-palette-5-light-2 u-radius-20 u-repeater-item u-shape-round u-list-item-1\" data-animation-name=\"customAnimationIn\" data-animation-duration=\"1500\" data-animation-delay=\"0\">\n              <div class=\"u-container-layout u-similar-container u-valign-top-sm u-valign-top-xs u-container-layout-1\">\n                <div class=\"u-align-center u-container-align-center u-container-style u-group u-radius-50 u-shape-round u-white u-group-1\">\n                  <div class=\"u-container-layout\">\n                    <h6 class=\"u-text u-text-black u-text-1\"> ZUCHTBETREUER - <br>Hilfe f\u00fcr Neueinsteiger \n                    <\/h6>\n                  <\/div>\n                <\/div>\n                <p class=\"u-align-center u-text u-text-2\">Um Neueinsteigern in der Pferdezucht am Anfang den Weg ein wenig zu \nebnen, haben die Pferdezuchtvereine der ARGE S\u00fcstedt jeweils <br>einen Zuchtbetreuer\n benannt. Die Zuchtbetreuer sollen als Bindeglied vor Ort zwischen dem \nNeuz\u00fcchter und z. B. dem Hannoveraner Verband fungieren. <br>Mit dem \nZuchtberater sollen Hemmschwellen abgebaut werden. Auch steht Ihnen \ndieser f\u00fcr alle Fragen in und um die Zucht gerne zur Verf\u00fcgung. <br>\n                  <br>Unser Ansprechpartner bzw. Zuchtbetreuer f\u00fcr Sie ist:<br>Hendrik H\u00fcsker, Heisterort 3, 28857 Syke-Wachendorf&nbsp; <br>Tel.: 0175-2958440 oder e-mail: <a href=\"mailto:h.huesker@ewe.net\" class=\"u-active-none u-border-none u-btn u-button-style u-hover-none u-none u-text-palette-1-base u-btn-1\">h.huesker@ewe.net<\/a>\n                <\/p>\n                <div class=\"u-align-center u-container-align-center u-container-style u-group u-radius-50 u-shape-round u-white u-group-2\">\n                  <div class=\"u-container-layout u-valign-middle\">\n                    <h6 class=\"u-text u-text-black u-text-3\"> Der Hannoveraner Verband - Zucht und Sport<br>\n                    <\/h6>\n                  <\/div>\n                <\/div>\n                <p class=\"u-align-center u-text u-text-4\"> Hannovers Gene und Know-How sind weltweit begehrt. Nicht erst seit der \nbundesweiten Anerkennung 2007 <br>ist Hannover rund um den Globus mit \nTochterverb\u00e4nden und Pferdezuchtvereinen vertreten.<br>Sie alle vertrauen der hohen Qualit\u00e4t und der Kompetenz des Hannoveraner\n Verbandes. Denn neben Zucht und <br>Vermarktung sind Jungz\u00fcchter, Beratung,\n Wissenschaft und Forschung ein wichtiger Teil der Verbandsarbeit.<br>\n                  <br>\n                <\/p>\n                <div class=\"custom-expanded u-align-center u-container-align-center u-container-style u-group u-radius-50 u-shape-round u-white u-group-3\">\n                  <div class=\"u-container-layout\">\n                    <p class=\"u-text u-text-5\">\n                      <a href=\"https:\/\/www.hannoveraner.com\/\" class=\"u-active-none u-border-none u-btn u-button-link u-button-style u-hover-none u-none u-text-palette-1-base u-btn-2\" target=\"_blank\">Mehr hier...<\/a>\n                    <\/p>\n                  <\/div>\n                <\/div>\n                <div class=\"custom-expanded u-align-center u-container-align-center u-container-style u-group u-radius-50 u-shape-round u-white u-group-4\">\n                  <div class=\"u-container-layout u-valign-middle\">\n                    <h6 class=\"u-text u-text-black u-text-6\"> Verband der Pony- und Kleinpferdez\u00fcchter Hannover e.V.<\/h6>\n                  <\/div>\n                <\/div>\n                <p class=\"u-align-center u-text u-text-7\"> Der Verband der Pony- und Kleinpferdez\u00fcchter Hannover e.V. wurde 1947 von Erich Grober gegr\u00fcndet.<br>Die zwei gr\u00f6\u00dften Populationen bilden die Rassen Dt. Reitpony und \nIslandpferd.<br>Im Jahr 2021 wurden 880 Fohlen aufgenommen, insgesamt sind \n2.026 eingetragene Zuchtpferde von 1.429 Mitglieder registriert. \n                <\/p>\n                <div class=\"custom-expanded u-align-center u-container-align-center u-container-style u-group u-radius-50 u-shape-round u-white u-group-5\">\n                  <div class=\"u-container-layout\">\n                    <p class=\"u-text u-text-8\">\n                      <a href=\"https:\/\/www.ponyhannover.de\/\" class=\"u-active-none u-border-none u-btn u-button-link u-button-style u-hover-none u-none u-text-palette-1-base u-btn-3\" target=\"_blank\">Mehr hier...<\/a>\n                    <\/p>\n                  <\/div>\n                <\/div>\n              <\/div>\n            <\/div>\n          <\/div>\n        <\/div>\n      <\/div>\n    <\/section>\n    <section class=\"u-align-center u-clearfix u-container-align-center u-palette-5-light-2 u-section-4\" id=\"carousel_1277\">\n      <div class=\"u-clearfix u-sheet u-sheet-1\"><\/div>\n    <\/section>\n    \n    \n    \n  \n<\/div>","protected":false},"excerpt":{"rendered":"<p>ZUCHTBETREUER &#8211; Hilfe f\u00fcr Neueinsteiger Um Neueinsteigern in der Pferdezucht am Anfang den Weg ein wenig zu ebnen, haben die Pferdezuchtvereine der ARGE S\u00fcstedt jeweils einen Zuchtbetreuer benannt. Die Zuchtbetreuer sollen als Bindeglied vor Ort zwischen dem Neuz\u00fcchter und z. B. dem Hannoveraner Verband fungieren. Mit dem Zuchtberater sollen Hemmschwellen abgebaut werden. Auch steht Ihnen [&hellip;]<\/p>\n","protected":false},"author":1,"featured_media":0,"parent":0,"menu_order":6,"comment_status":"closed","ping_status":"closed","template":"","meta":{"footnotes":""},"class_list":["post-1956","page","type-page","status-publish","hentry"],"_links":{"self":[{"href":"https:\/\/www.pferdezuchtverein-freudenberg.de\/index.php\/wp-json\/wp\/v2\/pages\/1956","targetHints":{"allow":["GET"]}}],"collection":[{"href":"https:\/\/www.pferdezuchtverein-freudenberg.de\/index.php\/wp-json\/wp\/v2\/pages"}],"about":[{"href":"https:\/\/www.pferdezuchtverein-freudenberg.de\/index.php\/wp-json\/wp\/v2\/types\/page"}],"author":[{"embeddable":true,"href":"https:\/\/www.pferdezuchtverein-freudenberg.de\/index.php\/wp-json\/wp\/v2\/users\/1"}],"replies":[{"embeddable":true,"href":"https:\/\/www.pferdezuchtverein-freudenberg.de\/index.php\/wp-json\/wp\/v2\/comments?post=1956"}],"version-history":[{"count":4,"href":"https:\/\/www.pferdezuchtverein-freudenberg.de\/index.php\/wp-json\/wp\/v2\/pages\/1956\/revisions"}],"predecessor-version":[{"id":2217,"href":"https:\/\/www.pferdezuchtverein-freudenberg.de\/index.php\/wp-json\/wp\/v2\/pages\/1956\/revisions\/2217"}],"wp:attachment":[{"href":"https:\/\/www.pferdezuchtverein-freudenberg.de\/index.php\/wp-json\/wp\/v2\/media?parent=1956"}],"curies":[{"name":"wp","href":"https:\/\/api.w.org\/{rel}","templated":true}]}}