{"id":1955,"date":"2025-04-15T13:56:15","date_gmt":"2025-04-15T13:56:15","guid":{"rendered":"https:\/\/www.pferdezuchtverein-freudenberg.de\/wp_2025\/index.php\/kontakt\/"},"modified":"2026-02-23T17:12:47","modified_gmt":"2026-02-23T17:12:47","slug":"kontakt","status":"publish","type":"page","link":"https:\/\/www.pferdezuchtverein-freudenberg.de\/index.php\/kontakt\/","title":{"rendered":"Kontakt"},"content":{"rendered":"<div class=\"\" style=\"\" >\n    \n    <section class=\"u-align-center u-clearfix u-container-align-center-lg u-container-align-center-xl u-gradient u-section-2\" id=\"block-2\">\n      <div class=\"u-clearfix u-sheet u-sheet-1\">\n        <div class=\"custom-expanded data-layout-selected u-clearfix u-gutter-26 u-layout-wrap u-radius u-layout-wrap-1\">\n          <div class=\"u-gutter-0 u-layout\">\n            <div class=\"u-layout-row\">\n              <div class=\"u-align-center u-container-align-center u-container-style u-layout-cell u-size-60 u-white u-layout-cell-1\">\n                <div class=\"u-container-layout u-valign-top u-container-layout-1\"><\/div>\n              <\/div>\n            <\/div>\n          <\/div>\n        <\/div>\n        <p class=\"u-text u-text-font u-text-1\"> &nbsp; <br><span style=\"font-weight: 700;\">Pferdezuchtverein Bassum-Freudenberg e.V.<\/span>\n          <br>Ina Rogge-Leopold (Gesch\u00e4ftsf\u00fchrerin)<br>Gro\u00df Henstedt 2 B<br>27211 Bassum<br>Tel.: 04241-971177&nbsp; e-Mail: <a href=\"mailto:leopold-rogge@t-online.de\" class=\"u-active-none u-border-none u-btn u-button-style u-hover-none u-none u-text-palette-1-base u-btn-1\">leopold-rogge@t-online.de<\/a>\n          <br>&nbsp;<br><span style=\"font-weight: 700;\">Impressum\nAngaben gem\u00e4\u00df \u00a7 5 TMG:<\/span>\n          <br>Pferdezuchtverein Freudenberg e. V.<br>Heisterort 3<br>28857 Syke-Wachendorf<br>\n          <br>vertreten durch: Hendrik H\u00fcsker<br>Heisterort 3&nbsp;&nbsp;&nbsp; 28857 Syke-Wachendorf<br>Telefon: 04240-952525<br>e-Mail: <a href=\"mailto:mail@hof-buschmann.de\" class=\"u-active-none u-border-none u-btn u-button-style u-hover-none u-none u-text-palette-1-base u-btn-2\">huesker@ewetel.net<\/a>\n          <br>\n          <br>Eintragung im Vereinsregister:&nbsp;<br>Registergericht: Amtsgericht Walsrode, Registernummer: VR 110098<br>\n          <br>Verantwortlich f\u00fcr den Inhalt nach \u00a7 55 Abs. 2 RStV: Ina Rogge-Leopold<br>\n          <br>Quellenangaben f\u00fcr die verwendeten Bilder und Grafiken:<br>\n          <a href=\"http:\/\/www.kiki-beelitz.de\/\" class=\"u-active-none u-border-none u-btn u-button-style u-hover-none u-none u-text-palette-1-base u-btn-3\">http:\/\/www.kiki-beelitz.de<\/a>&nbsp;- Ulrike Beelitz<br>\n          <a href=\"http:\/\/www.reportage-fotograf.de\/\" class=\"u-active-none u-border-none u-btn u-button-style u-hover-none u-none u-text-palette-1-base u-btn-4\">http:\/\/www.reportage-fotograf.de<\/a> - Tammo Ernst<br>\n          <br>Die Inhalte der Webseiten <a href=\"https:\/\/www.pferdezuchtverein-freudenberg.de\/\" class=\"u-active-none u-border-none u-btn u-button-style u-hover-none u-none u-text-palette-1-base u-btn-5\">www.pferdezuchtverein-freudenberg.de<\/a> sind urheberrechtlich gesch\u00fctzt. <br>Die Vervielf\u00e4ltigung von Informationen\n oder Daten, insbesondere die Verwendung von Texten, Textteilen oder \nBildmaterial bedarf der vorherigen Zustimmung. <a href=\"https:\/\/www.pferdezuchtverein-freudenberg.de\/cms\/index.php?page=haftungsausschluss\" class=\"u-active-none u-border-none u-btn u-button-style u-hover-none u-none u-text-palette-1-base u-btn-6\">Haftungsausschluss<\/a> &nbsp;\n&nbsp;\n&nbsp; <br>\n          <br><span style=\"font-weight: 700;\"><span style=\"text-decoration: underline !important;\">Datenschutzerkl\u00e4rung<\/span> &nbsp;<\/span> &nbsp;\n&nbsp; <br>\n          <br>Wir\n bitten alle Mitglieder, die dort aufgef\u00fchrte Datenschutzerkl\u00e4rung zu \nKenntnis zu nehmen. <br>Sollten Sie nicht die M\u00f6glichkeit des \nInternetzuganges haben, k\u00f6nnen Sie die Bestimmungen bei unserer \nKontaktperson in schriftlicher Form anfordern und erhalten. Sollte ein Mitglied dem Inhalt der Datenschutzerkl\u00e4rung nicht zustimmen k\u00f6nnen, bitten wir um eine schriftliche Mitteilung. <br>\n          <br>Der\n Verein erhebt, verarbeitet und nutzt personenbezogene Daten der \nMitglieder. <br>Die Betimmungen des Datenschutzgesetzes (DSGVO) finden \nAnwendung. <br>Die Verarbeitung und Nutzung der personenbezogenen Daten erfolgt<br> zur Erf\u00fcllung der satzungsgem\u00e4\u00dfen Aufgaben des Vereins. <br>Beteiligte\n Dienstleister erhalten die personenbezogenen Daten nur, soweit es f\u00fcr \ndie Durchf\u00fchrung von z\u00fcchterischen Veranstaltungen und \nLeistungspr\u00fcfungen erforderlich ist. Dienstleister in diesem Sinne sind \nder Verlag Hannoveraner Verband e. V., vit w. V.-Verden, \nLAVES-Niedersachsen, die Deutsche Reiterliche Vereinigung e. V. (FN) und\n alle der FN angeschlossenen Zuchtverb\u00e4nde.<br>\n          <br>Zur Verarbeitung und \nNutzung personenbezogener Daten geh\u00f6ren auch die Ver\u00f6ffentlichung dieser\n Daten in den jeweiligen gedruckten oder elektronischen \nPublikationsorganen dieser Organisationen sowie die Ver\u00f6ffentlichung im \nRahmen von Zuchtschauen, Leistungspr\u00fcfungen bzw. Pferdeleistungsschauen.<br>\n          <br>\n          <br>\n        <\/p>\n      <\/div>\n    <\/section>\n    <section class=\"u-align-center u-clearfix u-container-align-center u-palette-5-light-2 u-section-3\" id=\"carousel_1277\">\n      <div class=\"u-clearfix u-sheet u-sheet-1\"><\/div>\n    <\/section>\n    \n    \n    \n  \n<\/div>","protected":false},"excerpt":{"rendered":"<p>&nbsp; Pferdezuchtverein Bassum-Freudenberg e.V. Ina Rogge-Leopold (Gesch\u00e4ftsf\u00fchrerin)Gro\u00df Henstedt 2 B27211 BassumTel.: 04241-971177&nbsp; e-Mail: leopold-rogge@t-online.de &nbsp;Impressum Angaben gem\u00e4\u00df \u00a7 5 TMG: Pferdezuchtverein Freudenberg e. V.Heisterort 328857 Syke-Wachendorf vertreten durch: Hendrik H\u00fcskerHeisterort 3&nbsp;&nbsp;&nbsp; 28857 Syke-WachendorfTelefon: 04240-952525e-Mail: huesker@ewetel.net Eintragung im Vereinsregister:&nbsp;Registergericht: Amtsgericht Walsrode, Registernummer: VR 110098 Verantwortlich f\u00fcr den Inhalt nach \u00a7 55 Abs. 2 RStV: Ina Rogge-Leopold [&hellip;]<\/p>\n","protected":false},"author":1,"featured_media":0,"parent":0,"menu_order":5,"comment_status":"closed","ping_status":"closed","template":"","meta":{"footnotes":""},"class_list":["post-1955","page","type-page","status-publish","hentry"],"_links":{"self":[{"href":"https:\/\/www.pferdezuchtverein-freudenberg.de\/index.php\/wp-json\/wp\/v2\/pages\/1955","targetHints":{"allow":["GET"]}}],"collection":[{"href":"https:\/\/www.pferdezuchtverein-freudenberg.de\/index.php\/wp-json\/wp\/v2\/pages"}],"about":[{"href":"https:\/\/www.pferdezuchtverein-freudenberg.de\/index.php\/wp-json\/wp\/v2\/types\/page"}],"author":[{"embeddable":true,"href":"https:\/\/www.pferdezuchtverein-freudenberg.de\/index.php\/wp-json\/wp\/v2\/users\/1"}],"replies":[{"embeddable":true,"href":"https:\/\/www.pferdezuchtverein-freudenberg.de\/index.php\/wp-json\/wp\/v2\/comments?post=1955"}],"version-history":[{"count":2,"href":"https:\/\/www.pferdezuchtverein-freudenberg.de\/index.php\/wp-json\/wp\/v2\/pages\/1955\/revisions"}],"predecessor-version":[{"id":2955,"href":"https:\/\/www.pferdezuchtverein-freudenberg.de\/index.php\/wp-json\/wp\/v2\/pages\/1955\/revisions\/2955"}],"wp:attachment":[{"href":"https:\/\/www.pferdezuchtverein-freudenberg.de\/index.php\/wp-json\/wp\/v2\/media?parent=1955"}],"curies":[{"name":"wp","href":"https:\/\/api.w.org\/{rel}","templated":true}]}}