{"id":1954,"date":"2025-04-15T13:56:14","date_gmt":"2025-04-15T13:56:14","guid":{"rendered":"https:\/\/www.pferdezuchtverein-freudenberg.de\/wp_2025\/index.php\/aktuell2\/"},"modified":"2026-02-20T17:14:30","modified_gmt":"2026-02-20T17:14:30","slug":"aktuell2","status":"publish","type":"page","link":"https:\/\/www.pferdezuchtverein-freudenberg.de\/index.php\/aktuell2\/","title":{"rendered":"Aktuell2"},"content":{"rendered":"<div class=\"\" style=\"\" >\n    \n    <section class=\"u-align-center u-clearfix u-container-align-center u-container-align-center-lg u-container-align-center-md u-container-align-center-sm u-container-align-center-xl u-gradient u-section-2\" id=\"block-2\">\n      <div class=\"u-clearfix u-sheet u-sheet-1\">\n        <div class=\"custom-expanded data-layout-selected u-clearfix u-gutter-26 u-layout-wrap u-radius u-layout-wrap-1\">\n          <div class=\"u-gutter-0 u-layout\">\n            <div class=\"u-layout-row\">\n              <div class=\"u-align-center u-container-align-center u-container-style u-layout-cell u-size-30-lg u-size-30-md u-size-30-xl u-size-31-sm u-size-31-xs u-white u-layout-cell-1\">\n                <div class=\"u-container-layout u-valign-bottom-lg u-valign-bottom-md u-valign-bottom-sm u-valign-bottom-xs u-container-layout-1\">\n                  <img decoding=\"async\" class=\"u-image u-image-default u-image-1\" src=\"https:\/\/www.pferdezuchtverein-freudenberg.de\/wp-content\/uploads\/2025\/04\/schleifen1-11.jpg\" alt=\"\" data-image-width=\"600\" data-image-height=\"378\">\n                <\/div>\n              <\/div>\n              <div class=\"u-container-style u-layout-cell u-size-29-sm u-size-29-xs u-size-30-lg u-size-30-md u-size-30-xl u-white u-layout-cell-2\">\n                <div class=\"u-container-layout u-valign-top u-container-layout-2\">\n                  <img decoding=\"async\" class=\"u-image u-image-default u-image-2\" src=\"https:\/\/www.pferdezuchtverein-freudenberg.de\/wp-content\/uploads\/2025\/04\/FreispringenCleoM-11.jpg\" alt=\"\" data-image-width=\"600\" data-image-height=\"433\">\n                <\/div>\n              <\/div>\n            <\/div>\n          <\/div>\n        <\/div>\n      <\/div>\n    <\/section>\n    <section class=\"u-align-center u-clearfix u-container-align-center u-white u-section-3\" id=\"block-3\">\n      <div class=\"u-clearfix u-sheet u-valign-middle-lg u-valign-middle-md u-valign-middle-sm u-sheet-1\">\n        <div class=\"u-expanded-width-xs u-list u-list-1\">\n          <div class=\"u-repeater u-repeater-1\">\n            <div class=\"u-align-center-sm u-align-center-xs u-align-left-lg u-align-left-md u-align-left-xl u-border-1 u-border-grey-75 u-container-style u-list-item u-palette-5-light-2 u-radius-20 u-repeater-item u-shape-round u-list-item-1\" data-animation-name=\"customAnimationIn\" data-animation-duration=\"1500\" data-animation-delay=\"0\">\n              <div class=\"u-container-layout u-similar-container u-valign-bottom-lg u-valign-bottom-md u-valign-bottom-sm u-container-layout-1\">\n                <div class=\"u-align-center u-container-align-center u-container-style u-group u-radius-50 u-shape-round u-white u-group-1\">\n                  <div class=\"u-container-layout\">\n                    <h6 class=\"u-text u-text-black u-text-1\"> Vorschau Termine <br>2. Halbjahr 2026<br>\n                    <\/h6>\n                  <\/div>\n                <\/div>\n                <p class=\"u-text u-text-2\"><span style=\"font-weight: 700;\">10.07. - 13.07.26 &nbsp;&nbsp;<\/span><span style=\"font-weight: 700;\">&nbsp;&nbsp;&nbsp;<\/span>&nbsp; <br>Tarmstedter Ausstellung<br>* Tarmstedt<br><span style=\"font-weight: 700;\">16.07. - 19.07.26 &nbsp;&nbsp;&nbsp;&nbsp;<\/span> &nbsp; <br>HA.LT - Hannoversches Landesturnier<br>Dressur- u. Springen, alle Altersklassen,<br> inkl. Amateure<br>* Westergellersen<br><span style=\"font-weight: 700;\">16.07. - 19.07.26<\/span><span style=\"font-weight: 700;\"> &nbsp;&nbsp;&nbsp;&nbsp;&nbsp; &nbsp; &nbsp; <\/span>\n                  <br>Longines Global Champions Tour<br>* Riesenbeck<br><span style=\"font-weight: 700;\">16.07. - 19.07.26<\/span>\n                  <br><span style=\"font-weight: 700;\">Weltmeisterschaften <\/span>d. internat. Jungz\u00fcchter<br>*Landgest\u00fct Celle, Celle<br><span style=\"font-weight: 700;\">22.07. - 26.07.26<\/span> &nbsp;&nbsp;&nbsp;&nbsp;&nbsp; &nbsp; <br> Oldenburgisches Landesturnier<br>* Rastede, Schlo\u00dfpark<br><span style=\"font-weight: 700;\">25.07.26&nbsp; <br><\/span>52. Elite Fohlen- und <br>Zuchtstuten-Auktion<br>---onLive---<br>* Verden, Niedersachsenhalle<br><span style=\"font-weight: 700;\">26.07.26<\/span>\n                  <br>Hannoveraner Fohlen-Championat<br>*Verbandsgel\u00e4nde, Verden<br><span style=\"font-weight: 700;\">3<span style=\"font-weight: 700;\">0.07. - 02.08.26<\/span> &nbsp;<\/span>&nbsp;&nbsp;&nbsp;<br><span style=\"font-weight: 700;\">Deutsche Meisterschaften<\/span>\n                  <br>Dressur\/Springen&nbsp; <br>Elmloher Reitertage<br>* Elmlohe<br><span style=\"font-weight: 700;\">03.08.26 - 10.00 Uhr&nbsp; <\/span>&nbsp;&nbsp;<br> Herwart von der Decken-Schau<br>* Verden, Rennbahngel\u00e4nde\/WM-Arena<br><span style=\"font-weight: 700;\">05.08. - 09.08.26<\/span> &nbsp;&nbsp;&nbsp;&nbsp;&nbsp; &nbsp;&nbsp; <br>WM der jungen Dressurpferde<br>* Verden, Rennbahngel\u00e4nde\/WM-Arena<br><span style=\"font-weight: 700;\">07.08. - 09.08.26<\/span> &nbsp;&nbsp;&nbsp;&nbsp;&nbsp;&nbsp;&nbsp;&nbsp; <br>Hannoveraner Championate&nbsp; -&nbsp; Reitpferde<br>* Verden, Rennbahngel\u00e4nde\/Stadion<br><span style=\"font-weight: 700;\">11.08. - 23.08.26<\/span>\n                  <br><span style=\"font-weight: 700;\">Weltmeisterschaften - Dressur\/Springen&nbsp;<\/span><span style=\"font-weight: 700;\"> &nbsp;&nbsp;<\/span>&nbsp; &nbsp;&nbsp; <br> (CHIO Aachen - Weltfest des Pferdesports)<br>* Aachen, Aachener Soers <br><span style=\"font-weight: 700;\">13.08. - 16.08.26 &nbsp;&nbsp;<\/span>&nbsp;&nbsp;&nbsp; &nbsp; <br> Dobrock Turnier<br>* Wingst<br><span style=\"font-weight: 700;\">21.08. - 24.08.26 &nbsp;&nbsp;&nbsp;&nbsp;<\/span>&nbsp; &nbsp;&nbsp; <br>LandTageNord<br>* W\u00fcsting<br>Informationen: <a href=\"http:\/\/www.landtagenord.de\/\" class=\"u-active-none u-border-none u-btn u-button-style u-hover-none u-none u-text-palette-1-base u-btn-1\">www.landtagenord.de<\/a>\n                  <br><span style=\"font-weight: 700;\">25.08. - 30.08.26<\/span><span style=\"font-weight: 700;\"> &nbsp; &nbsp;<\/span>\n                  <br>Al Shira'aa Bundeschampionate<br>* Warendorf <br><span style=\"font-weight: 700;\">??.08 - ??.08.26&nbsp; &nbsp;&nbsp;<\/span>&nbsp;&nbsp;&nbsp;&nbsp;&nbsp;&nbsp; <br>Sommerfest im Landgest\u00fct Celle &nbsp; <br>- mit Hengsten, Schaubildern und Ausstellung <br>* Celle, Landgest\u00fct<br>Informationen: <a href=\"http:\/\/www.landgestuetcelle.de\" class=\"u-active-none u-border-none u-btn u-button-style u-hover-none u-none u-text-palette-1-base u-btn-2\">www.landgestuetcelle.de<\/a>\n                  <br><span style=\"font-weight: 700;\">??.08. - ??.08.26 &nbsp;&nbsp;&nbsp;&nbsp;<\/span> &nbsp; &nbsp; &nbsp; <br>Heide-Hengste-Handwerkskunst <br>Landgest\u00fct Celle<br>* Gel\u00e4nde der Hengstpr\u00fcfungsanstalt Adelheidsdorf<br>Informationen: <a href=\"http:\/\/www.landgestuetcelle.de\" class=\"u-active-none u-border-none u-btn u-button-style u-hover-none u-none u-text-palette-1-base u-btn-3\">www.landgestuetcelle.de<\/a>\n                  <br><span style=\"font-weight: 700;\">02.09.26 - 09.00 Uhr&nbsp;&nbsp;<\/span>\n                  <br>\n                  <a href=\"https:\/\/www.pferdezuchtverein-freudenberg.de\/index.php\/stutenleistungspruefung-10\/\" class=\"u-active-none u-border-none u-btn u-button-style u-hover-none u-none u-text-palette-1-base u-btn-4\">Stutenleistungspr\u00fcfung<\/a>\n                  <br>* Stadthagen<br><span style=\"font-weight: 700;\">10.10.26 &nbsp; &nbsp;&nbsp;&nbsp;&nbsp;&nbsp;<\/span> &nbsp; &nbsp; &nbsp; &nbsp; &nbsp; &nbsp;&nbsp; <br>143. Elite-Auktion - Reitpferde, Fohlen <br>u. 2-j. Hengste<br>* Verden, Niedersachsenhalle&nbsp;&nbsp;&nbsp;&nbsp;<br><span style=\"font-weight: 700;\">??<\/span><span style=\"font-weight: 700;\">.11.26 - 09.00 Uhr <\/span>\n                  <br>\n                  <a href=\"https:\/\/www.pferdezuchtverein-freudenberg.de\/index.php\/stutenleistungspruefung-10\/\" class=\"u-active-none u-border-none u-btn u-button-style u-hover-none u-none u-text-palette-1-base u-btn-5\">Stutenleistungspr\u00fcfung<\/a>\n                  <br>* Bassum, Anlage des RuFV Diek-Bassum <br><span style=\"font-weight: 700;\">10.11. - 13.11.26 &nbsp;<\/span>&nbsp;&nbsp;&nbsp;&nbsp; &nbsp; &nbsp; <br>EuroTier <br>Leitmesse f\u00fcr Tierhaltungsprofis<br>* Hannover, Messegel\u00e4nde<br>Informationen: <a href=\"http:\/\/www.eurotier.com\" class=\"u-active-none u-border-none u-btn u-button-style u-hover-none u-none u-text-palette-1-base u-btn-6\">www.eurotier.com<\/a>&nbsp;&nbsp;&nbsp;&nbsp;&nbsp;&nbsp;&nbsp;&nbsp;&nbsp;&nbsp;&nbsp; <br><span style=\"font-weight: 700;\">19.11. - 21.11.26<\/span>&nbsp; &nbsp;&nbsp;&nbsp; &nbsp;&nbsp; <br>Hengstk\u00f6rung mit Hengstmarkt Dressurhengste<br>* Verden, Niedersachsenhalle<br><span style=\"font-weight: 700;\">26.11. - 27.11.26 &nbsp;&nbsp;&nbsp;&nbsp;&nbsp;&nbsp;&nbsp; <\/span>\n                  <br> Hannoveraner Springpferde-Masters<br>* Verden, Niedersachsenhalle<br><span style=\"font-weight: 700;\">26.11. - 28.11.26 &nbsp;&nbsp;&nbsp;&nbsp; &nbsp;<\/span> &nbsp; <br>Hengstk\u00f6rung mit Hengstmarkt&nbsp; Springhengste<br>* Verden, Niedersachsenhalle<br><span style=\"font-weight: 700;\">03.12. - 06.12.26&nbsp;<\/span> &nbsp;&nbsp;&nbsp;&nbsp; &nbsp; <br> PASSION PFERD<br>* Hannover, Messegel\u00e4nde<br>Informationen: <a href=\"http:\/\/www.pferd-und-jagd-messe.de\" class=\"u-active-none u-border-none u-btn u-button-style u-hover-none u-none u-text-palette-1-base u-btn-7\">www.pferd-und-jagd-messe.de<\/a>\n                  <br><span style=\"font-weight: 700;\">??.12.&nbsp;- ??.12.26&nbsp; <\/span>&nbsp;&nbsp;&nbsp; &nbsp; &nbsp; <br>Advent im Landgest\u00fct Celle<br>* Celle, Landgest\u00fct<br>Informationen: <a href=\"http:\/\/www.landgestuetcelle.de\" class=\"u-active-none u-border-none u-btn u-button-style u-hover-none u-none u-text-palette-1-base u-btn-8\">www.landgestuetcelle.de<\/a>\n                  <br>\n                  <br>Sie vermissen einen Termin? Wenden Sie&nbsp;sich bitte an unsere Kontaktperson. Vielen Dank.&nbsp;&nbsp;&nbsp; <br>\n                  <br>\n                <\/p>\n              <\/div>\n            <\/div>\n          <\/div>\n        <\/div>\n      <\/div>\n    <\/section>\n    <section class=\"u-align-center u-clearfix u-container-align-center u-palette-5-light-2 u-section-4\" id=\"carousel_1277\">\n      <div class=\"u-clearfix u-sheet u-sheet-1\"><\/div>\n    <\/section>\n    \n    \n    \n  \n<\/div>","protected":false},"excerpt":{"rendered":"<p>Vorschau Termine 2. Halbjahr 2026 10.07. &#8211; 13.07.26 &nbsp;&nbsp;&nbsp;&nbsp;&nbsp;&nbsp; Tarmstedter Ausstellung* Tarmstedt16.07. &#8211; 19.07.26 &nbsp;&nbsp;&nbsp;&nbsp; &nbsp; HA.LT &#8211; Hannoversches LandesturnierDressur- u. Springen, alle Altersklassen, inkl. Amateure* Westergellersen16.07. &#8211; 19.07.26 &nbsp;&nbsp;&nbsp;&nbsp;&nbsp; &nbsp; &nbsp; Longines Global Champions Tour* Riesenbeck16.07. &#8211; 19.07.26 Weltmeisterschaften d. internat. Jungz\u00fcchter*Landgest\u00fct Celle, Celle22.07. &#8211; 26.07.26 &nbsp;&nbsp;&nbsp;&nbsp;&nbsp; &nbsp; Oldenburgisches Landesturnier* Rastede, Schlo\u00dfpark25.07.26&nbsp; 52. Elite [&hellip;]<\/p>\n","protected":false},"author":1,"featured_media":0,"parent":0,"menu_order":4,"comment_status":"closed","ping_status":"closed","template":"","meta":{"footnotes":""},"class_list":["post-1954","page","type-page","status-publish","hentry"],"_links":{"self":[{"href":"https:\/\/www.pferdezuchtverein-freudenberg.de\/index.php\/wp-json\/wp\/v2\/pages\/1954","targetHints":{"allow":["GET"]}}],"collection":[{"href":"https:\/\/www.pferdezuchtverein-freudenberg.de\/index.php\/wp-json\/wp\/v2\/pages"}],"about":[{"href":"https:\/\/www.pferdezuchtverein-freudenberg.de\/index.php\/wp-json\/wp\/v2\/types\/page"}],"author":[{"embeddable":true,"href":"https:\/\/www.pferdezuchtverein-freudenberg.de\/index.php\/wp-json\/wp\/v2\/users\/1"}],"replies":[{"embeddable":true,"href":"https:\/\/www.pferdezuchtverein-freudenberg.de\/index.php\/wp-json\/wp\/v2\/comments?post=1954"}],"version-history":[{"count":20,"href":"https:\/\/www.pferdezuchtverein-freudenberg.de\/index.php\/wp-json\/wp\/v2\/pages\/1954\/revisions"}],"predecessor-version":[{"id":2919,"href":"https:\/\/www.pferdezuchtverein-freudenberg.de\/index.php\/wp-json\/wp\/v2\/pages\/1954\/revisions\/2919"}],"wp:attachment":[{"href":"https:\/\/www.pferdezuchtverein-freudenberg.de\/index.php\/wp-json\/wp\/v2\/media?parent=1954"}],"curies":[{"name":"wp","href":"https:\/\/api.w.org\/{rel}","templated":true}]}}