{"id":1951,"date":"2025-04-15T13:56:11","date_gmt":"2025-04-15T13:56:11","guid":{"rendered":"https:\/\/www.pferdezuchtverein-freudenberg.de\/wp_2025\/index.php\/startseite\/"},"modified":"2026-04-23T17:37:43","modified_gmt":"2026-04-23T17:37:43","slug":"startseite","status":"publish","type":"page","link":"https:\/\/www.pferdezuchtverein-freudenberg.de\/","title":{"rendered":"Startseite"},"content":{"rendered":"<div class=\"\" style=\"\" >\n    \n    <section class=\"u-align-center u-clearfix u-gradient u-section-2\" id=\"block-2\">\n      <div class=\"u-clearfix u-sheet u-valign-middle-sm u-sheet-1\">\n        <div class=\"data-layout-selected u-clearfix u-expanded-width-md u-expanded-width-sm u-expanded-width-xs u-gutter-26 u-layout-wrap u-radius u-layout-wrap-1\">\n          <div class=\"u-gutter-0 u-layout\">\n            <div class=\"u-layout-row\">\n              <div class=\"u-align-center u-container-align-center u-container-align-center-lg u-container-align-center-md u-container-align-center-xl u-container-style u-layout-cell u-size-30 u-white u-layout-cell-1\">\n                <div class=\"u-container-layout u-container-layout-1\">\n                  <img decoding=\"async\" class=\"u-image u-image-default u-image-1\" src=\"https:\/\/www.pferdezuchtverein-freudenberg.de\/wp-content\/uploads\/2025\/04\/facebook-2025-11.jpg\" alt=\"\" data-image-width=\"330\" data-image-height=\"69\" data-href=\"https:\/\/www.facebook.com\/profile.php?id=100064552875577\" data-target=\"_blank\">\n                  <img decoding=\"async\" class=\"u-image u-image-default u-image-2\" src=\"https:\/\/www.pferdezuchtverein-freudenberg.de\/wp-content\/uploads\/2025\/04\/yt-2025-11.jpg\" alt=\"\" data-image-width=\"328\" data-image-height=\"73\" data-href=\"https:\/\/www.youtube.com\/user\/pzvfreudenberg\" data-target=\"_blank\">\n                <\/div>\n              <\/div>\n              <div class=\"u-container-style u-layout-cell u-size-30 u-white u-layout-cell-2\">\n                <div class=\"u-container-layout u-valign-middle-md u-valign-middle-sm u-valign-top-lg u-valign-top-xl u-valign-top-xs u-container-layout-2\">\n                  <img decoding=\"async\" class=\"u-image u-image-default u-image-3\" src=\"https:\/\/www.pferdezuchtverein-freudenberg.de\/wp-content\/uploads\/2025\/04\/Stute_Fohlen_Start_klein-11.jpg\" alt=\"\" data-image-width=\"400\" data-image-height=\"338\">\n                <\/div>\n              <\/div>\n            <\/div>\n          <\/div>\n        <\/div>\n        <p class=\"u-text u-text-font u-text-1\">\n          <br><span style=\"font-size: 0.875rem;\">Der Pferdezuchtverein Bassum-Freudenberg e.V. <\/span>\n          <br><span style=\"font-size: 0.875rem;\">begr\u00fc\u00dft <\/span><span style=\"font-size: 0.875rem;\">Sie auf seiner Homepage. <br>Hier erhalten Sie alle Informationen \u00fcber den Verein,<\/span><span style=\"font-size: 0.875rem;\"><\/span>\n          <br><span style=\"font-size: 0.875rem;\">unsere Z\u00fcchter, Veranstaltungen <\/span><span style=\"font-size: 0.875rem;\">und vieles mehr!<br>\n            <br>Kontakt: Ina Rogge-Leopold<br>Tel. 04241 - 971177<br>Mail : leopold-rogge@t-online.de<\/span>\n          <br>\n          <br>\n        <\/p>\n        <div class=\"u-align-center u-container-align-center u-container-style u-expanded-width-md u-expanded-width-sm u-expanded-width-xs u-group u-palette-5-light-2 u-radius u-shape-round u-group-1\" data-animation-name=\"customAnimationIn\" data-animation-duration=\"1000\" data-animation-delay=\"0\">\n          <div class=\"u-container-layout u-valign-top-xs u-container-layout-3\">\n            <img decoding=\"async\" class=\"u-image u-image-default u-image-4\" src=\"https:\/\/www.pferdezuchtverein-freudenberg.de\/wp-content\/uploads\/2025\/04\/f3.jpg\" alt=\"\" data-image-width=\"602\" data-image-height=\"767\">\n            <img decoding=\"async\" class=\"u-border-2 u-border-grey-75 u-image u-image-default u-image-5\" src=\"https:\/\/www.pferdezuchtverein-freudenberg.de\/wp-content\/uploads\/2025\/04\/f11.jpg\" alt=\"\" data-image-width=\"416\" data-image-height=\"567\">\n            <p class=\"u-text u-text-custom-color-7 u-text-2\" data-animation-name=\"shake\" data-animation-duration=\"1000\" data-animation-delay=\"0\" data-animation-direction=\"\">\n              <a class=\"u-active-none u-border-none u-btn u-button-link u-button-style u-hover-none u-none u-text-palette-1-base u-btn-1\" href=\"https:\/\/www.pferdezuchtverein-freudenberg.de\/index.php\/freispringwettbewerb2026-1\/\"><span class=\"u-text-custom-color-21\">ERGEBNISSE<\/span>\n                <br>14. Freudenberger<br>FREISPRINGWETTBEWERB<br><span class=\"u-text-custom-color-21\">HIER<br><\/span>\n              <\/a>\n            <\/p>\n          <\/div>\n        <\/div>\n      <\/div>\n    <\/section>\n    <section class=\"u-align-center u-clearfix u-container-align-center u-white u-section-3\" id=\"block-3\">\n      <div class=\"u-clearfix u-sheet u-sheet-1\">\n        <div class=\"u-expanded-width-lg u-expanded-width-md u-expanded-width-sm u-expanded-width-xs u-list u-list-1\">\n          <div class=\"u-repeater u-repeater-1\">\n            <div class=\"u-align-left u-border-1 u-border-grey-75 u-container-align-left u-container-style u-list-item u-palette-5-light-2 u-radius-20 u-repeater-item u-shape-round u-list-item-1\" data-animation-name=\"customAnimationIn\" data-animation-duration=\"1500\" data-animation-delay=\"0\">\n              <div class=\"u-container-layout u-similar-container u-valign-bottom-sm u-valign-bottom-xl u-valign-bottom-xs u-valign-top-lg u-container-layout-1\">\n                <div class=\"custom-expanded u-align-center u-container-align-center u-container-align-center-xl u-container-style u-group u-radius-50 u-shape-round u-white u-group-1\">\n                  <div class=\"u-container-layout u-valign-middle-md\">\n                    <h6 class=\"u-text u-text-black u-text-1\">\u00dcber uns <br>\n                    <\/h6>\n                  <\/div>\n                <\/div>\n                <p class=\"u-align-center u-text u-text-2\"> Der Pferdezuchtverein Freudenberg e. V. wurde bereits 1918, also gleich nach der Beendigung des 1. Weltkrieges, unter dem Namen 'Pferdezuchtverein Freudenberg', f\u00fcr das Amt Freudenberg zur F\u00f6rderung und Verbesserung der deutschen Pferdezucht gegr\u00fcndet.<br>\n                  <br>\n                <\/p>\n                <a href=\"https:\/\/www.pferdezuchtverein-freudenberg.de\/index.php\/ueber-uns\/\" class=\"u-active-palette-1-light-1 u-align-center u-border-2 u-border-grey-50 u-btn u-btn-round u-button-style u-hover-palette-1-light-1 u-radius u-text-hover-white u-white u-btn-1\">mehr Infos<\/a>\n              <\/div>\n            <\/div>\n            <div class=\"u-align-left u-border-1 u-border-grey-75 u-container-align-left u-container-align-left-xl u-container-style u-list-item u-palette-5-light-2 u-radius-20 u-repeater-item u-shape-round u-video-cover u-list-item-2\" data-animation-name=\"customAnimationIn\" data-animation-duration=\"1500\">\n              <div class=\"u-container-layout u-similar-container u-valign-bottom-sm u-valign-bottom-xl u-valign-bottom-xs u-valign-top-lg u-container-layout-3\">\n                <div class=\"custom-expanded u-align-center u-container-align-center u-container-align-center-xl u-container-style u-group u-radius-50 u-shape-round u-white u-group-2\">\n                  <div class=\"u-container-layout u-valign-middle-md\">\n                    <h6 class=\"u-text u-text-black u-text-3\">Veranstaltungen <\/h6>\n                  <\/div>\n                <\/div>\n                <p class=\"u-align-center u-text u-text-4\">Terminvorschau f\u00fcr das <br>aktuelle Jahr<br>Freispringwettbewerbe<br>Stutenschauen<br>Fohlenchampionate<br>und viele weitere Termine finden Sie auf dieser Homepage.<br>Dazu ein Archiv der vergangenen <br>Events mit Ergebnissen.<br>\n                  <br>\n                <\/p>\n                <a href=\"https:\/\/www.pferdezuchtverein-freudenberg.de\/index.php\/veranstaltungen\/\" class=\"u-active-palette-1-light-1 u-align-center u-border-2 u-border-grey-50 u-btn u-btn-round u-button-style u-hover-palette-1-light-1 u-radius u-text-hover-white u-white u-btn-2\">mehr Infos<\/a>\n              <\/div>\n            <\/div>\n            <div class=\"u-align-left u-border-1 u-border-grey-75 u-container-align-left u-container-style u-list-item u-palette-5-light-2 u-radius-20 u-repeater-item u-shape-round u-video-cover u-list-item-3\" data-animation-name=\"customAnimationIn\" data-animation-duration=\"1500\">\n              <div class=\"u-container-layout u-similar-container u-valign-bottom-sm u-valign-bottom-xl u-valign-bottom-xs u-valign-top-lg u-container-layout-5\">\n                <div class=\"custom-expanded u-align-center u-container-align-center u-container-align-center-xl u-container-style u-group u-radius-50 u-shape-round u-white u-group-3\">\n                  <div class=\"u-container-layout u-valign-middle-md\">\n                    <h6 class=\"u-text u-text-black u-text-5\">Pferdezucht<\/h6>\n                  <\/div>\n                <\/div>\n                <p class=\"u-align-center u-text u-text-6\">Wann begann der Mensch mit der Pferdezucht? Wann wurden Pferde erstmals domestiziert?<br>Was sind die Ziel der Hannoveraner Pferdezucht?<br>Das steht auf der Seite Pferdezucht!<br>Auf dieser Seite sind Beispiele erfolgreicher Z\u00fcchter aufgef\u00fchrt.<br>\n                  <br>\n                <\/p>\n                <a href=\"https:\/\/www.pferdezuchtverein-freudenberg.de\/index.php\/pferdezucht\/\" class=\"u-active-palette-1-light-1 u-align-center u-border-2 u-border-grey-50 u-btn u-btn-round u-button-style u-hover-palette-1-light-1 u-radius u-text-hover-white u-white u-btn-3\">mehr Infos<\/a>\n              <\/div>\n            <\/div>\n            <div class=\"u-align-left u-border-1 u-border-grey-75 u-container-align-left u-container-style u-list-item u-palette-5-light-2 u-radius-20 u-repeater-item u-shape-round u-video-cover u-list-item-4\" data-animation-name=\"customAnimationIn\" data-animation-duration=\"1500\">\n              <div class=\"u-container-layout u-similar-container u-valign-bottom-sm u-valign-bottom-xl u-valign-bottom-xs u-valign-top-lg u-container-layout-7\">\n                <div class=\"custom-expanded u-align-center u-container-align-center u-container-align-center-xl u-container-style u-group u-radius-50 u-shape-round u-white u-group-4\">\n                  <div class=\"u-container-layout u-valign-middle-md\">\n                    <h6 class=\"u-text u-text-black u-text-7\">Service<\/h6>\n                  <\/div>\n                <\/div>\n                <p class=\"u-align-center u-text u-text-8\"> ZUCHTBETREUER&nbsp; -<br>&nbsp;Hilfe f\u00fcr Neueinsteiger <br>in der Zucht<br>Nachrichten aus dem<br>Verband f\u00fcr Mitglieder<br>und alle Interessierten.<br>Ansprechpartner f\u00fcr<br>Fragen zum Verein.<br>Dazu der Direktlink zur Fotogalerie.<br>\n                <\/p>\n                <a href=\"https:\/\/www.pferdezuchtverein-freudenberg.de\/index.php\/service\/\" class=\"u-active-palette-1-light-1 u-align-center u-border-2 u-border-grey-50 u-btn u-btn-round u-button-style u-hover-palette-1-light-1 u-radius u-text-hover-white u-white u-btn-4\">mehr Infos<\/a>\n              <\/div>\n            <\/div>\n          <\/div>\n        <\/div>\n      <\/div>\n    <\/section>\n    <section class=\"u-align-center u-clearfix u-container-align-center u-palette-5-light-2 u-section-4\" id=\"carousel_1277\">\n      <div class=\"u-clearfix u-sheet u-sheet-1\"><\/div>\n    <\/section>\n    \n    \n    \n  \n<\/div>","protected":false},"excerpt":{"rendered":"<p>Der Pferdezuchtverein Bassum-Freudenberg e.V. begr\u00fc\u00dft Sie auf seiner Homepage. Hier erhalten Sie alle Informationen \u00fcber den Verein, unsere Z\u00fcchter, Veranstaltungen und vieles mehr! Kontakt: Ina Rogge-LeopoldTel. 04241 &#8211; 971177Mail : leopold-rogge@t-online.de ERGEBNISSE 14. FreudenbergerFREISPRINGWETTBEWERBHIER \u00dcber uns Der Pferdezuchtverein Freudenberg e. V. wurde bereits 1918, also gleich nach der Beendigung des 1. Weltkrieges, unter dem Namen [&hellip;]<\/p>\n","protected":false},"author":1,"featured_media":0,"parent":0,"menu_order":1,"comment_status":"closed","ping_status":"closed","template":"","meta":{"footnotes":""},"class_list":["post-1951","page","type-page","status-publish","hentry"],"_links":{"self":[{"href":"https:\/\/www.pferdezuchtverein-freudenberg.de\/index.php\/wp-json\/wp\/v2\/pages\/1951","targetHints":{"allow":["GET"]}}],"collection":[{"href":"https:\/\/www.pferdezuchtverein-freudenberg.de\/index.php\/wp-json\/wp\/v2\/pages"}],"about":[{"href":"https:\/\/www.pferdezuchtverein-freudenberg.de\/index.php\/wp-json\/wp\/v2\/types\/page"}],"author":[{"embeddable":true,"href":"https:\/\/www.pferdezuchtverein-freudenberg.de\/index.php\/wp-json\/wp\/v2\/users\/1"}],"replies":[{"embeddable":true,"href":"https:\/\/www.pferdezuchtverein-freudenberg.de\/index.php\/wp-json\/wp\/v2\/comments?post=1951"}],"version-history":[{"count":36,"href":"https:\/\/www.pferdezuchtverein-freudenberg.de\/index.php\/wp-json\/wp\/v2\/pages\/1951\/revisions"}],"predecessor-version":[{"id":3029,"href":"https:\/\/www.pferdezuchtverein-freudenberg.de\/index.php\/wp-json\/wp\/v2\/pages\/1951\/revisions\/3029"}],"wp:attachment":[{"href":"https:\/\/www.pferdezuchtverein-freudenberg.de\/index.php\/wp-json\/wp\/v2\/media?parent=1951"}],"curies":[{"name":"wp","href":"https:\/\/api.w.org\/{rel}","templated":true}]}}