{"id":1599,"date":"2025-04-15T10:22:08","date_gmt":"2025-04-15T10:22:08","guid":{"rendered":"https:\/\/www.pferdezuchtverein-freudenberg.de\/wp_2025\/?page_id=1599"},"modified":"2025-04-16T15:21:57","modified_gmt":"2025-04-16T15:21:57","slug":"freispringwettbewerb2025","status":"publish","type":"page","link":"https:\/\/www.pferdezuchtverein-freudenberg.de\/index.php\/freispringwettbewerb2025\/","title":{"rendered":"Freispringwettbewerb2025"},"content":{"rendered":"<div class=\"\" style=\"\" >\n    \n    <section class=\"u-clearfix u-section-2\" id=\"block-1\">\n      <div class=\"u-clearfix u-sheet u-valign-middle-xs u-sheet-1\">\n        <h6 class=\"u-align-center u-text u-text-1\">\n          <br><span style=\"font-weight: 700;\"><\/span><span style=\"font-weight: 700;\">13. Freudenberger Freispringwettbewerb&nbsp;<\/span>\n          <br><span style=\"font-weight: 700;\">&nbsp;23. M\u00e4rz 2025<br><span style=\"font-weight: 700;\"><\/span><\/span>\n          <br>\n        <\/h6>\n        <div class=\"u-expanded-width u-gallery u-layout-grid u-lightbox u-no-transition u-show-text-none u-gallery-1\">\n          <div class=\"u-gallery-inner u-gallery-inner-1\">\n            <div class=\"u-effect-hover-zoom u-gallery-item\">\n              <div class=\"u-back-slide\" data-image-width=\"600\" data-image-height=\"286\">\n                <img decoding=\"async\" class=\"u-back-image u-expanded\" src=\"https:\/\/www.pferdezuchtverein-freudenberg.de\/wp-content\/uploads\/2025\/04\/halle.jpg\">\n              <\/div>\n              <div class=\"u-over-slide u-shading u-over-slide-1\"><\/div>\n            <\/div>\n            <div class=\"u-effect-hover-zoom u-gallery-item\">\n              <div class=\"u-back-slide\" data-image-width=\"600\" data-image-height=\"448\">\n                <img decoding=\"async\" class=\"u-back-image u-expanded\" src=\"https:\/\/www.pferdezuchtverein-freudenberg.de\/wp-content\/uploads\/2025\/04\/blumetisch.jpg\">\n              <\/div>\n              <div class=\"u-over-slide u-shading u-over-slide-2\"><\/div>\n            <\/div>\n            <div class=\"u-effect-hover-zoom u-gallery-item\">\n              <div class=\"u-back-slide\" data-image-width=\"600\" data-image-height=\"508\">\n                <img decoding=\"async\" class=\"u-back-image u-expanded\" src=\"https:\/\/www.pferdezuchtverein-freudenberg.de\/wp-content\/uploads\/2025\/04\/korb.jpg\">\n              <\/div>\n              <div class=\"u-over-slide u-shading u-over-slide-3\"><\/div>\n            <\/div>\n            <div class=\"u-effect-hover-zoom u-gallery-item\">\n              <div class=\"u-back-slide\" data-image-width=\"474\" data-image-height=\"600\">\n                <img decoding=\"async\" class=\"u-back-image u-expanded\" src=\"https:\/\/www.pferdezuchtverein-freudenberg.de\/wp-content\/uploads\/2025\/04\/blumen.jpg\">\n              <\/div>\n              <div class=\"u-over-slide u-shading u-over-slide-4\"><\/div>\n            <\/div>\n            <div class=\"u-effect-hover-zoom u-gallery-item\">\n              <div class=\"u-back-slide\" data-image-width=\"600\" data-image-height=\"295\">\n                <img decoding=\"async\" class=\"u-back-image u-expanded\" src=\"https:\/\/www.pferdezuchtverein-freudenberg.de\/wp-content\/uploads\/2025\/04\/siegerschleife.jpg\">\n              <\/div>\n              <div class=\"u-over-slide u-shading u-over-slide-5\"><\/div>\n            <\/div>\n            <div class=\"u-effect-hover-zoom u-gallery-item\">\n              <div class=\"u-back-slide\" data-image-width=\"600\" data-image-height=\"562\">\n                <img decoding=\"async\" class=\"u-back-image u-expanded\" src=\"https:\/\/www.pferdezuchtverein-freudenberg.de\/wp-content\/uploads\/2025\/04\/praesenttisch.jpg\">\n              <\/div>\n              <div class=\"u-over-slide u-shading u-over-slide-6\"><\/div>\n            <\/div>\n          <\/div>\n        <\/div>\n        <h6 class=\"u-align-center u-text u-text-custom-color-3 u-text-2\">\n          <br><span style=\"font-weight: 700;\"><\/span><span style=\"font-weight: 700;\">Wir m\u00f6chten an dieser Stelle zun\u00e4chst den Siegern und allen Platzierten unseres<br>13. Freudenberger Freispringwettbewerbes<br>noch einmal ganz herzlich zu ihrem Erfolg gratulieren...<br><span style=\"font-weight: 700;\"><\/span><\/span>\n          <br>\n        <\/h6>\n        <img decoding=\"async\" class=\"u-expanded-width-xs u-image u-image-default u-image-1\" src=\"https:\/\/www.pferdezuchtverein-freudenberg.de\/wp-content\/uploads\/2025\/04\/schaerpe.jpg\" alt=\"\" data-image-width=\"600\" data-image-height=\"87\">\n        <img decoding=\"async\" class=\"u-image u-image-default u-image-2\" src=\"https:\/\/www.pferdezuchtverein-freudenberg.de\/wp-content\/uploads\/2025\/04\/richtertisch.jpg\" alt=\"\" data-image-width=\"600\" data-image-height=\"597\">\n        <img decoding=\"async\" class=\"u-expanded-width-xs u-image u-image-default u-image-3\" src=\"https:\/\/www.pferdezuchtverein-freudenberg.de\/wp-content\/uploads\/2025\/04\/schleifenmschaerpe.jpg\" alt=\"\" data-image-width=\"600\" data-image-height=\"335\">\n        <img decoding=\"async\" class=\"u-image u-image-default u-image-4\" src=\"https:\/\/www.pferdezuchtverein-freudenberg.de\/wp-content\/uploads\/2025\/04\/klatte.jpg\" alt=\"\" data-image-width=\"600\" data-image-height=\"484\">\n        <h6 class=\"u-align-center u-text u-text-custom-color-3 u-text-3\">\n          <br><span style=\"font-weight: 700;\"><\/span><span style=\"font-weight: 700;\">und nicht vers\u00e4umen, uns auch noch einmal bei unseren Sponsoren<br><span style=\"font-weight: 700;\"><\/span><\/span>\n          <br>\n        <\/h6>\n      <\/div>\n    <\/section>\n    <section class=\"u-clearfix u-section-3\" id=\"block-3\">\n      <div class=\"u-clearfix u-sheet u-valign-middle-xs u-valign-top-lg u-sheet-1\">\n        <p class=\"u-align-center u-text u-text-custom-color-4 u-text-1\"><span style=\"font-weight: 700;\">Deckstation Paul Schockem\u00f6hle, M\u00fchlen<br>Hengsstation Hof Sosath, Gerd Sosath, Lemwerder<br>Zuchthof Klatte, Lastrup-Klein Roschaden<br>Equi-Tack, Holzbunge<br>Hengststation Dirk Ahlmann, Reher<br>Hengsstation Sven V\u00f6lz, Bienenb\u00fcttel<br>Melli's Reitershop, Stuhr<br>Gest\u00fct Ligges, Ascheberg<br>Ludger Beerbaum Stables, Riesenbeck<br>Raiffeisen-Markt, Bruchhausen-Vilsen<br>Hengststation Ren\u00e9 Tebbel, Emsb\u00fcren<br>Gest\u00fct Bonhomme GmbH &amp; Co. KG, Werder (Havel)<br>Bemer Partner Finkener, Syke<\/span>\n          <br>\n          <br>\n        <\/p>\n        <h6 class=\"u-align-center u-text u-text-custom-color-3 u-text-2\">&nbsp;f\u00fcr die gro\u00dfz\u00fcgige Unterst\u00fctzung unserer Veranstaltung zu bedanken!<span style=\"font-weight: 700;\">\n            <br><span style=\"font-weight: 700;\"><\/span><\/span>\n          <br>\n        <\/h6>\n      <\/div>\n    <\/section>\n    <section class=\"u-clearfix u-section-4\" id=\"block-2\">\n      <div class=\"u-clearfix u-sheet u-valign-top-lg u-valign-top-sm u-valign-top-xs u-sheet-1\">\n        <img decoding=\"async\" class=\"u-image u-image-default u-image-1\" src=\"https:\/\/www.pferdezuchtverein-freudenberg.de\/wp-content\/uploads\/2025\/04\/praesente.jpg\" alt=\"\" data-image-width=\"600\" data-image-height=\"230\">\n        <img decoding=\"async\" class=\"u-image u-image-default u-image-2\" src=\"https:\/\/www.pferdezuchtverein-freudenberg.de\/wp-content\/uploads\/2025\/04\/bemereimer.jpg\" alt=\"\" data-image-width=\"600\" data-image-height=\"258\">\n        <a href=\"https:\/\/www.pferdezuchtverein-freudenberg.de\/wp-content\/uploads\/2025\/04\/ErgebnisseFrSprWB20253j.pdf\" class=\"u-active-palette-5-light-2 u-border-none u-btn u-btn-round u-button-style u-file-link u-hover-palette-5-base u-palette-5-base u-radius u-btn-1\">ERGEBNISSE&nbsp; -&nbsp; Abteilung 3-j\u00e4hrige<\/a>\n        <a href=\"https:\/\/www.pferdezuchtverein-freudenberg.de\/wp-content\/uploads\/2025\/04\/ErgebnisseFrSprWB20254j.pdf\" class=\"u-active-palette-5-light-2 u-border-none u-btn u-btn-round u-button-style u-file-link u-hover-palette-5-base u-palette-5-base u-radius u-btn-2\">ERGEBNISSE&nbsp; -&nbsp; Abteilung 4-j\u00e4hrige<\/a>\n      <\/div>\n    <\/section>\n    <section class=\"u-clearfix u-section-5\" id=\"block-4\">\n      <div class=\"u-clearfix u-sheet u-valign-middle u-sheet-1\">\n        <p class=\"u-align-center u-text u-text-1\"><span style=\"font-weight: 700;\"><span class=\"u-text-custom-color-3\">Wir freuen uns schon heute darauf,<br>Sie im n\u00e4chsten Jahr wieder begr\u00fc\u00dfen zu k\u00f6nnen - bei unserem<\/span>\n            <br>\n            <br><span class=\"u-text-custom-color-4\">14. Freudenberger Freispringwettbewerb!<\/span><\/span>\n          <br>\n        <\/p>\n      <\/div>\n    <\/section>\n    <section class=\"u-clearfix u-section-6\" id=\"sec-1382\">\n      <div class=\"u-clearfix u-sheet u-valign-middle-lg u-valign-middle-sm u-valign-middle-xl u-valign-middle-xs u-sheet-1\">\n        <div class=\"u-expanded-width-xs u-gallery u-layout-grid u-lightbox u-no-transition u-show-text-none u-gallery-1\">\n          <div class=\"u-gallery-inner u-gallery-inner-1\">\n            <div class=\"u-effect-hover-zoom u-gallery-item\">\n              <div class=\"u-back-slide\" data-image-width=\"571\" data-image-height=\"600\">\n                <img decoding=\"async\" class=\"u-back-image u-expanded\" src=\"https:\/\/www.pferdezuchtverein-freudenberg.de\/wp-content\/uploads\/2025\/04\/sonderehrung.jpg\">\n              <\/div>\n              <div class=\"u-over-slide u-shading u-over-slide-1\"><\/div>\n            <\/div>\n            <div class=\"u-effect-hover-zoom u-gallery-item\">\n              <div class=\"u-back-slide\" data-image-width=\"600\" data-image-height=\"343\">\n                <img decoding=\"async\" class=\"u-back-image u-expanded\" src=\"https:\/\/www.pferdezuchtverein-freudenberg.de\/wp-content\/uploads\/2025\/04\/platzvier.jpg\">\n              <\/div>\n              <div class=\"u-over-slide u-shading u-over-slide-2\"><\/div>\n            <\/div>\n            <div class=\"u-effect-hover-zoom u-gallery-item\">\n              <div class=\"u-back-slide\" data-image-width=\"591\" data-image-height=\"600\">\n                <img decoding=\"async\" class=\"u-back-image u-expanded\" src=\"https:\/\/www.pferdezuchtverein-freudenberg.de\/wp-content\/uploads\/2025\/04\/richter-8.jpg\">\n              <\/div>\n              <div class=\"u-over-slide u-shading u-over-slide-3\"><\/div>\n            <\/div>\n            <div class=\"u-effect-hover-zoom u-gallery-item\">\n              <div class=\"u-back-slide\" data-image-width=\"600\" data-image-height=\"587\">\n                <img decoding=\"async\" class=\"u-back-image u-expanded\" src=\"https:\/\/www.pferdezuchtverein-freudenberg.de\/wp-content\/uploads\/2025\/04\/ehrhardt.jpg\">\n              <\/div>\n              <div class=\"u-over-slide u-shading u-over-slide-4\"><\/div>\n            <\/div>\n            <div class=\"u-effect-hover-zoom u-gallery-item\">\n              <div class=\"u-back-slide\" data-image-width=\"600\" data-image-height=\"588\">\n                <img decoding=\"async\" class=\"u-back-image u-expanded\" src=\"https:\/\/www.pferdezuchtverein-freudenberg.de\/wp-content\/uploads\/2025\/04\/lachnit.jpg\">\n              <\/div>\n              <div class=\"u-over-slide u-shading u-over-slide-5\"><\/div>\n            <\/div>\n            <div class=\"u-effect-hover-zoom u-gallery-item\">\n              <div class=\"u-back-slide\" data-image-width=\"600\" data-image-height=\"338\">\n                <img decoding=\"async\" class=\"u-back-image u-expanded\" src=\"https:\/\/www.pferdezuchtverein-freudenberg.de\/wp-content\/uploads\/2025\/04\/gruppe.jpg\">\n              <\/div>\n              <div class=\"u-over-slide u-shading u-over-slide-6\"><\/div>\n            <\/div>\n          <\/div>\n        <\/div>\n        <img decoding=\"async\" class=\"u-image u-image-default u-image-1\" src=\"https:\/\/www.pferdezuchtverein-freudenberg.de\/wp-content\/uploads\/2025\/04\/carstenplatz.jpg\" alt=\"\" data-image-width=\"600\" data-image-height=\"531\">\n        <img decoding=\"async\" class=\"u-expanded-width-xs u-image u-image-default u-image-2\" src=\"https:\/\/www.pferdezuchtverein-freudenberg.de\/wp-content\/uploads\/2025\/04\/gaehler.jpg\" alt=\"\" data-image-width=\"580\" data-image-height=\"600\">\n        <img decoding=\"async\" class=\"u-image u-image-default u-image-3\" src=\"https:\/\/www.pferdezuchtverein-freudenberg.de\/wp-content\/uploads\/2025\/04\/grimberg.jpg\" alt=\"\" data-image-width=\"386\" data-image-height=\"600\">\n        <img decoding=\"async\" class=\"u-image u-image-default u-image-4\" src=\"https:\/\/www.pferdezuchtverein-freudenberg.de\/wp-content\/uploads\/2025\/04\/lachnitsieger.jpg\" alt=\"\" data-image-width=\"276\" data-image-height=\"600\">\n        <img decoding=\"async\" class=\"u-image u-image-default u-image-5\" src=\"https:\/\/www.pferdezuchtverein-freudenberg.de\/wp-content\/uploads\/2025\/04\/janucarsten.jpg\" alt=\"\" data-image-width=\"416\" data-image-height=\"600\">\n        <img decoding=\"async\" class=\"u-image u-image-default u-image-6\" src=\"https:\/\/www.pferdezuchtverein-freudenberg.de\/wp-content\/uploads\/2025\/04\/lindhoffplatz.jpg\" alt=\"\" data-image-width=\"370\" data-image-height=\"600\">\n        <img decoding=\"async\" class=\"u-image u-image-default u-image-7\" src=\"https:\/\/www.pferdezuchtverein-freudenberg.de\/wp-content\/uploads\/2025\/04\/platzzwei.jpg\" alt=\"\" data-image-width=\"600\" data-image-height=\"554\">\n        <img decoding=\"async\" class=\"u-image u-image-default u-image-8\" src=\"https:\/\/www.pferdezuchtverein-freudenberg.de\/wp-content\/uploads\/2025\/04\/carstenschr.jpg\" alt=\"\" data-image-width=\"523\" data-image-height=\"600\">\n      <\/div>\n    <\/section>\n    \n    \n    \n  \n<\/div>","protected":false},"excerpt":{"rendered":"<p>13. Freudenberger Freispringwettbewerb&nbsp; &nbsp;23. M\u00e4rz 2025 Wir m\u00f6chten an dieser Stelle zun\u00e4chst den Siegern und allen Platzierten unseres13. Freudenberger Freispringwettbewerbesnoch einmal ganz herzlich zu ihrem Erfolg gratulieren&#8230; und nicht vers\u00e4umen, uns auch noch einmal bei unseren Sponsoren Deckstation Paul Schockem\u00f6hle, M\u00fchlenHengsstation Hof Sosath, Gerd Sosath, LemwerderZuchthof Klatte, Lastrup-Klein RoschadenEqui-Tack, HolzbungeHengststation Dirk Ahlmann, ReherHengsstation Sven V\u00f6lz, [&hellip;]<\/p>\n","protected":false},"author":2,"featured_media":0,"parent":0,"menu_order":0,"comment_status":"closed","ping_status":"closed","template":"","meta":{"footnotes":""},"class_list":["post-1599","page","type-page","status-publish","hentry"],"_links":{"self":[{"href":"https:\/\/www.pferdezuchtverein-freudenberg.de\/index.php\/wp-json\/wp\/v2\/pages\/1599","targetHints":{"allow":["GET"]}}],"collection":[{"href":"https:\/\/www.pferdezuchtverein-freudenberg.de\/index.php\/wp-json\/wp\/v2\/pages"}],"about":[{"href":"https:\/\/www.pferdezuchtverein-freudenberg.de\/index.php\/wp-json\/wp\/v2\/types\/page"}],"author":[{"embeddable":true,"href":"https:\/\/www.pferdezuchtverein-freudenberg.de\/index.php\/wp-json\/wp\/v2\/users\/2"}],"replies":[{"embeddable":true,"href":"https:\/\/www.pferdezuchtverein-freudenberg.de\/index.php\/wp-json\/wp\/v2\/comments?post=1599"}],"version-history":[{"count":13,"href":"https:\/\/www.pferdezuchtverein-freudenberg.de\/index.php\/wp-json\/wp\/v2\/pages\/1599\/revisions"}],"predecessor-version":[{"id":2046,"href":"https:\/\/www.pferdezuchtverein-freudenberg.de\/index.php\/wp-json\/wp\/v2\/pages\/1599\/revisions\/2046"}],"wp:attachment":[{"href":"https:\/\/www.pferdezuchtverein-freudenberg.de\/index.php\/wp-json\/wp\/v2\/media?parent=1599"}],"curies":[{"name":"wp","href":"https:\/\/api.w.org\/{rel}","templated":true}]}}